{"id":89,"date":"2019-05-29T15:27:23","date_gmt":"2019-05-29T13:27:23","guid":{"rendered":"https:\/\/www.schuetzgesellschaft.de\/?page_id=89"},"modified":"2023-04-11T13:43:18","modified_gmt":"2023-04-11T11:43:18","slug":"abonnieren-sie-unseren-newsletter","status":"publish","type":"page","link":"https:\/\/www.schuetzgesellschaft.de\/?page_id=89","title":{"rendered":"Abonnieren Sie unseren Newsletter!"},"content":{"rendered":"\n<p> In unregelm\u00e4\u00dfigen Abst\u00e4nden versenden wir \u00fcber unseren Newsletter Informationen \u00fcber die Arbeit unserer Gesellschaft. Wenn Sie an unserem Newsletter interessiert sind, k\u00f6nnen Sie sich \u00fcber nachfolgendes Formular hierf\u00fcr registrieren. Nat\u00fcrlich k\u00f6nnen Sie den Newsletter jederzeit wieder abbestellen. <\/p>\n\n\n<div class=\"wpforms-container wpforms-container-full\" id=\"wpforms-88\"><form id=\"wpforms-form-88\" class=\"wpforms-validate wpforms-form\" data-formid=\"88\" method=\"post\" enctype=\"multipart\/form-data\" action=\"\/index.php?rest_route=%2Fwp%2Fv2%2Fpages%2F89\" data-token=\"b5d09af454f4928583f7f73dc56eb6b6\" data-token-time=\"1778243818\"><noscript class=\"wpforms-error-noscript\">Bitte aktiviere JavaScript in deinem Browser, um dieses Formular fertigzustellen.<\/noscript><div class=\"wpforms-field-container\"><div id=\"wpforms-88-field_2-container\" class=\"wpforms-field wpforms-field-select\" data-field-id=\"2\"><label class=\"wpforms-field-label\" for=\"wpforms-88-field_2\">Anrede <span class=\"wpforms-required-label\">*<\/span><\/label><select id=\"wpforms-88-field_2\" class=\"wpforms-field-medium wpforms-field-required\" name=\"wpforms[fields][2]\" required=\"required\"><option value=\"Frau\"  class=\"choice-1 depth-1\"  >Frau<\/option><option value=\"Herr\"  class=\"choice-2 depth-1\"  >Herr<\/option><\/select><\/div><div id=\"wpforms-88-field_3-container\" class=\"wpforms-field wpforms-field-text\" data-field-id=\"3\"><label class=\"wpforms-field-label\" for=\"wpforms-88-field_3\">Titel<\/label><input type=\"text\" id=\"wpforms-88-field_3\" class=\"wpforms-field-small\" name=\"wpforms[fields][3]\" ><\/div><div id=\"wpforms-88-field_0-container\" class=\"wpforms-field wpforms-field-name\" data-field-id=\"0\"><label class=\"wpforms-field-label\" for=\"wpforms-88-field_0\">Vor- und Nachname <span class=\"wpforms-required-label\">*<\/span><\/label><div class=\"wpforms-field-row wpforms-field-medium\"><div class=\"wpforms-field-row-block wpforms-first wpforms-one-half\"><input type=\"text\" id=\"wpforms-88-field_0\" class=\"wpforms-field-name-first wpforms-field-required\" name=\"wpforms[fields][0][first]\" placeholder=\"Vorname\" required><label for=\"wpforms-88-field_0\" class=\"wpforms-field-sublabel after wpforms-sublabel-hide\">Vorname<\/label><\/div><div class=\"wpforms-field-row-block wpforms-one-half\"><input type=\"text\" id=\"wpforms-88-field_0-last\" class=\"wpforms-field-name-last wpforms-field-required\" name=\"wpforms[fields][0][last]\" placeholder=\"Nachname\" required><label for=\"wpforms-88-field_0-last\" class=\"wpforms-field-sublabel after wpforms-sublabel-hide\">Nachname<\/label><\/div><\/div><\/div><div id=\"wpforms-88-field_1-container\" class=\"wpforms-field wpforms-field-email\" data-field-id=\"1\"><label class=\"wpforms-field-label\" for=\"wpforms-88-field_1\">E-Mail-Anschrift <span class=\"wpforms-required-label\">*<\/span><\/label><input type=\"email\" id=\"wpforms-88-field_1\" class=\"wpforms-field-medium wpforms-field-required\" name=\"wpforms[fields][1]\" spellcheck=\"false\" required><\/div><div id=\"wpforms-88-field_4-container\" class=\"wpforms-field wpforms-field-checkbox\" data-field-id=\"4\"><label class=\"wpforms-field-label\">Datenschutzerkl\u00e4rung: <span class=\"wpforms-required-label\">*<\/span><\/label><ul id=\"wpforms-88-field_4\" class=\"wpforms-field-required\"><li class=\"choice-1 depth-1\"><input type=\"checkbox\" id=\"wpforms-88-field_4_1\" name=\"wpforms[fields][4][]\" value=\"Ich stimme zu.\" required ><label class=\"wpforms-field-label-inline\" for=\"wpforms-88-field_4_1\">Ich stimme zu.<\/label><\/li><\/ul><div class=\"wpforms-field-description\">Ich habe die <a href=\"https:\/\/www.schuetzgesellschaft.de\/?page_id=3\" target=\"_blank\">Datenschutzerkl\u00e4rung<\/a> zur Kenntnis genommen. Ich stimme zu, dass meine Angaben und Daten zur Beantwortung meiner Anfrage elektronisch erhoben und gespeichert werden.\r\nSie k\u00f6nnen Ihre Einwilligung jederzeit per E-Mail an info@schuetzgesellschaft.de widerrufen.<\/div><\/div><\/div><!-- .wpforms-field-container --><div class=\"wpforms-field wpforms-field-hp\"><label for=\"wpforms-88-field-hp\" class=\"wpforms-field-label\">Message<\/label><input type=\"text\" name=\"wpforms[hp]\" id=\"wpforms-88-field-hp\" class=\"wpforms-field-medium\"><\/div><div class=\"wpforms-submit-container\" ><input type=\"hidden\" name=\"wpforms[id]\" value=\"88\"><input type=\"hidden\" name=\"page_title\" value=\"\"><input type=\"hidden\" name=\"page_url\" value=\"https:\/\/www.schuetzgesellschaft.de\/index.php?rest_route=\/wp\/v2\/pages\/89\"><input type=\"hidden\" name=\"url_referer\" value=\"\"><button type=\"submit\" name=\"wpforms[submit]\" id=\"wpforms-submit-88\" class=\"wpforms-submit\" data-alt-text=\"Sende...\" data-submit-text=\"Newsletter jetzt abonnieren!\" aria-live=\"assertive\" value=\"wpforms-submit\">Newsletter jetzt abonnieren!<\/button><\/div><\/form><\/div>  <!-- .wpforms-container -->\n","protected":false},"excerpt":{"rendered":"<p>In unregelm\u00e4\u00dfigen Abst\u00e4nden versenden wir \u00fcber unseren Newsletter Informationen \u00fcber die Arbeit unserer Gesellschaft. Wenn Sie an unserem Newsletter interessiert sind, k\u00f6nnen Sie sich \u00fcber nachfolgendes Formular hierf\u00fcr registrieren. Nat\u00fcrlich k\u00f6nnen Sie den Newsletter jederzeit wieder abbestellen.<\/p>\n","protected":false},"author":1,"featured_media":0,"parent":0,"menu_order":23,"comment_status":"closed","ping_status":"closed","template":"","meta":{"footnotes":""},"class_list":{"0":"post-89","1":"page","2":"type-page","3":"status-publish","5":"no-featured-image-padding"},"_links":{"self":[{"href":"https:\/\/www.schuetzgesellschaft.de\/index.php?rest_route=\/wp\/v2\/pages\/89","targetHints":{"allow":["GET"]}}],"collection":[{"href":"https:\/\/www.schuetzgesellschaft.de\/index.php?rest_route=\/wp\/v2\/pages"}],"about":[{"href":"https:\/\/www.schuetzgesellschaft.de\/index.php?rest_route=\/wp\/v2\/types\/page"}],"author":[{"embeddable":true,"href":"https:\/\/www.schuetzgesellschaft.de\/index.php?rest_route=\/wp\/v2\/users\/1"}],"replies":[{"embeddable":true,"href":"https:\/\/www.schuetzgesellschaft.de\/index.php?rest_route=%2Fwp%2Fv2%2Fcomments&post=89"}],"version-history":[{"count":2,"href":"https:\/\/www.schuetzgesellschaft.de\/index.php?rest_route=\/wp\/v2\/pages\/89\/revisions"}],"predecessor-version":[{"id":91,"href":"https:\/\/www.schuetzgesellschaft.de\/index.php?rest_route=\/wp\/v2\/pages\/89\/revisions\/91"}],"wp:attachment":[{"href":"https:\/\/www.schuetzgesellschaft.de\/index.php?rest_route=%2Fwp%2Fv2%2Fmedia&parent=89"}],"curies":[{"name":"wp","href":"https:\/\/api.w.org\/{rel}","templated":true}]}}