{"id":4931,"date":"2026-04-10T12:36:04","date_gmt":"2026-04-10T10:36:04","guid":{"rendered":"https:\/\/www.schuetzgesellschaft.de\/?page_id=4931"},"modified":"2026-04-14T11:44:07","modified_gmt":"2026-04-14T09:44:07","slug":"vorwort-temp","status":"publish","type":"page","link":"https:\/\/www.schuetzgesellschaft.de\/?page_id=4931","title":{"rendered":"Vorwort"},"content":{"rendered":"\n<p>55. Internationales Heinrich-Sch\u00fctz-Fest<br>Freudenstadt, 18.\u201321. Juni 2026<\/p>\n\n\n\n<h2 class=\"wp-block-heading\">Sch\u00fctz und W\u00fcrttemberg \u2013 Musik- und Repr\u00e4sentationskultur um 1600<\/h2>\n\n\n\n<p>Das 55. Internationale Heinrich-Sch\u00fctz-Fest f\u00fchrt die Internationale Heinrich-Sch\u00fctz-Gesellschaft in diesem Jahr in die Schwarzwaldstadt Freudenstadt, die 1599 von Herzog Friedrich I. von W\u00fcrttemberg gegr\u00fcndet wurde. Im selben Jahr trat Heinrich Sch\u00fctz zur Ausbildung als Kapellknabe in das Collegium Mauritianum in Kassel ein. Wenig sp\u00e4ter verhandelte Landgraf Moritz von Hessen, Sch\u00fctz\u2019 Entdecker und F\u00f6rderer, mit dem Stuttgarter Orgelbauer Conrad Schott \u00fcber eine Orgel f\u00fcr seine Residenz. Zwar kamen diese Verhandlungen nicht zum Abschluss; doch spricht manches daf\u00fcr, dass es sich bei der dabei in Rede stehenden Orgel um jenes Instrument handelt, das Herzog Friedrich I. wenig sp\u00e4ter f\u00fcr die neu errichtete Kirche in Freudenstadt bauen lie\u00df.<\/p>\n\n\n\n<p>Obgleich der urspr\u00fcngliche Plan der regelm\u00e4\u00dfig angelegten Stadt infolge der historischen Umst\u00e4nde nicht vollst\u00e4ndig verwirklicht werden konnte, bewahrt Freudenstadt bis heute eindrucksvolle architektonische Zeugnisse einer fr\u00fchneuzeitlichen Idealstadt.<\/p>\n\n\n\n<p>Wir freuen uns sehr darauf, die Stadt vier Tage lang mit Musik von Heinrich Sch\u00fctz und seinen Zeitgenossen aus ihrer Gr\u00fcndungszeit zu erf\u00fcllen. Daher w\u00fcrde es mich sehr freuen, Sie alle zum 55. Internationalen Heinrich-Sch\u00fctz-Fest in Freudenstadt begr\u00fc\u00dfen zu d\u00fcrfen und dieses besondere Programm gemeinsam mit Ihnen zu erleben.<\/p>\n\n\n\n<p>Arno Paduch<br><em>Pr\u00e4sident<\/em><\/p>\n\n\n\n<div class=\"wp-block-buttons is-content-justification-center is-layout-flex wp-container-core-buttons-is-layout-16018d1d wp-block-buttons-is-layout-flex\">\n<div class=\"wp-block-button\"><a class=\"wp-block-button__link has-text-align-center wp-element-button\" href=\"https:\/\/www.schuetzgesellschaft.de\/?page_id=4822\">ZUM VERANSTALTUNGSKALENDER<\/a><\/div>\n<\/div>\n\n\n\n<p><\/p>\n","protected":false},"excerpt":{"rendered":"<p>55. Internationales Heinrich-Sch\u00fctz-FestFreudenstadt, 18.\u201321. Juni 2026 Sch\u00fctz und W\u00fcrttemberg \u2013 Musik- und Repr\u00e4sentationskultur um 1600 Das 55. Internationale Heinrich-Sch\u00fctz-Fest f\u00fchrt die Internationale Heinrich-Sch\u00fctz-Gesellschaft in diesem Jahr in die Schwarzwaldstadt Freudenstadt, die 1599 von Herzog Friedrich I. von W\u00fcrttemberg gegr\u00fcndet wurde. Im selben Jahr trat Heinrich Sch\u00fctz zur Ausbildung als Kapellknabe in das Collegium Mauritianum in &#8230; <a title=\"Vorwort\" class=\"read-more\" href=\"https:\/\/www.schuetzgesellschaft.de\/?page_id=4931\" aria-label=\"Mehr Informationen \u00fcber Vorwort\">mehr<\/a><\/p>\n","protected":false},"author":1,"featured_media":0,"parent":4819,"menu_order":2,"comment_status":"closed","ping_status":"closed","template":"","meta":{"footnotes":""},"class_list":{"0":"post-4931","1":"page","2":"type-page","3":"status-publish","5":"no-featured-image-padding"},"_links":{"self":[{"href":"https:\/\/www.schuetzgesellschaft.de\/index.php?rest_route=\/wp\/v2\/pages\/4931","targetHints":{"allow":["GET"]}}],"collection":[{"href":"https:\/\/www.schuetzgesellschaft.de\/index.php?rest_route=\/wp\/v2\/pages"}],"about":[{"href":"https:\/\/www.schuetzgesellschaft.de\/index.php?rest_route=\/wp\/v2\/types\/page"}],"author":[{"embeddable":true,"href":"https:\/\/www.schuetzgesellschaft.de\/index.php?rest_route=\/wp\/v2\/users\/1"}],"replies":[{"embeddable":true,"href":"https:\/\/www.schuetzgesellschaft.de\/index.php?rest_route=%2Fwp%2Fv2%2Fcomments&post=4931"}],"version-history":[{"count":3,"href":"https:\/\/www.schuetzgesellschaft.de\/index.php?rest_route=\/wp\/v2\/pages\/4931\/revisions"}],"predecessor-version":[{"id":4975,"href":"https:\/\/www.schuetzgesellschaft.de\/index.php?rest_route=\/wp\/v2\/pages\/4931\/revisions\/4975"}],"up":[{"embeddable":true,"href":"https:\/\/www.schuetzgesellschaft.de\/index.php?rest_route=\/wp\/v2\/pages\/4819"}],"wp:attachment":[{"href":"https:\/\/www.schuetzgesellschaft.de\/index.php?rest_route=%2Fwp%2Fv2%2Fmedia&parent=4931"}],"curies":[{"name":"wp","href":"https:\/\/api.w.org\/{rel}","templated":true}]}}