{"id":4292,"date":"2025-06-12T14:15:52","date_gmt":"2025-06-12T12:15:52","guid":{"rendered":"https:\/\/www.schuetzgesellschaft.de\/?page_id=4292"},"modified":"2025-06-12T14:21:11","modified_gmt":"2025-06-12T12:21:11","slug":"veranstaltungskalender","status":"publish","type":"page","link":"https:\/\/www.schuetzgesellschaft.de\/?page_id=4292","title":{"rendered":"Veranstaltungskalender Bad K\u00f6stritz"},"content":{"rendered":"\n<h2 class=\"wp-block-heading\">Veranstaltungskalender<\/h2>\n\n\n<div class=\"em em-view-container\" id=\"em-view-622455827\" data-view=\"list-grouped\">\r\n\t<div class=\"em em-list em-events-list em-events-list-grouped\" id=\"em-events-list-grouped-622455827\">\r\n\t<h3>2. Oktober 2025<\/h3><div class=\"em-event em-item\" style=\"--default-border:#e31e2d\">\r\n\t<div class=\"em-item-image \">\r\n\t\t\r\n\t\t<img src='https:\/\/www.schuetzgesellschaft.de\/wp-content\/uploads\/2025\/IHSF_2025_Bad_K\u00f6stritz\/IHSF_2025\/01_Palais_Bad_Koestritz\u00a9Michael_Sander_1200px.jpg' alt='Er\u00f6ffnung des 54. Internationalen Heinrich-Sch\u00fctz-Festes'\/>\r\n\t\t\r\n\t\t\r\n\t<\/div>\r\n\t<div class=\"em-item-info\">\r\n\t\t<div class=\"em-event-meta em-item-meta\">\r\n\t\t\t<div class=\"em-item-meta-line em-event-date em-event-meta-datetime\">\r\n\t\t\t\t<span class=\"em-icon-calendar em-icon\"><\/span>\r\n\t\t\t\t<b>16:00 Uhr | Palais &#8211; Festsaal<\/b>\r\n\t\t\t<\/div>\r\n\t\t\t\r\n\t\t\t\r\n\t\t\t\r\n\t\t<\/div>\r\n\t\t\t<h4><a href=\"https:\/\/www.schuetzgesellschaft.de\/?event=eroeffnung-des-54-internationalen-heinrich-schuetz-festes\">Er\u00f6ffnung des 54. Internationalen Heinrich-Sch\u00fctz-Festes<\/a><\/h4>\r\n\t\t<div class=\"em-item-desc\">\r\n\t\t\t<p>Gru\u00dfworte, Festvortrag und musikalische Umrahmung<\/p>\r\n\t\t<\/div>\r\n\t\t<div class=\"em-item-actions input\">\r\n\t\t\t<a class=\"em-item-read-more button\" href=\"https:\/\/www.schuetzgesellschaft.de\/?event=eroeffnung-des-54-internationalen-heinrich-schuetz-festes\">Weitere Informationen<\/a>\r\n\t\t\t\r\n\t\t<\/div>\r\n\t<\/div>\r\n<\/div><div class=\"em-event em-item\" style=\"--default-border:#e31e2d\">\r\n\t<div class=\"em-item-image \">\r\n\t\t\r\n\t\t<img src='https:\/\/www.schuetzgesellschaft.de\/wp-content\/uploads\/2025\/IHSF_2025_Bad_K\u00f6stritz\/Ensemble1684@AnneHornemann_1200px.jpg' alt='Er\u00f6ffnungskonzert \u201eRESONANZ\u201c'\/>\r\n\t\t\r\n\t\t\r\n\t<\/div>\r\n\t<div class=\"em-item-info\">\r\n\t\t<div class=\"em-event-meta em-item-meta\">\r\n\t\t\t<div class=\"em-item-meta-line em-event-date em-event-meta-datetime\">\r\n\t\t\t\t<span class=\"em-icon-calendar em-icon\"><\/span>\r\n\t\t\t\t<b>19:30 Uhr | Kirche St. Leonhard<\/b>\r\n\t\t\t<\/div>\r\n\t\t\t\r\n\t\t\t\r\n\t\t\t\r\n\t\t<\/div>\r\n\t\t\t<h4><a href=\"https:\/\/www.schuetzgesellschaft.de\/?event=eroeffnungskonzert-resonanz\">Er\u00f6ffnungskonzert \u201eRESONANZ\u201c<\/a><\/h4>\r\n\t\t<div class=\"em-item-desc\">\r\n\t\t\t<p>Ensemble 1684 | Kammerchor des Clara-Wieck-Gymnasiums Zwickau | Theresa Hedler <em>Orgel<\/em> | Gregor Meyer <em>Orgel und Leitung<\/em><\/p>\r\n\t\t<\/div>\r\n\t\t<div class=\"em-item-actions input\">\r\n\t\t\t<a class=\"em-item-read-more button\" href=\"https:\/\/www.schuetzgesellschaft.de\/?event=eroeffnungskonzert-resonanz\">Weitere Informationen<\/a>\r\n\t\t\t\r\n\t\t<\/div>\r\n\t<\/div>\r\n<\/div><div class=\"em-event em-item\" style=\"--default-border:#e31e2d\">\r\n\t<div class=\"em-item-image \">\r\n\t\t\r\n\t\t<img src='https:\/\/www.schuetzgesellschaft.de\/wp-content\/uploads\/2025\/IHSF_2025_Bad_K\u00f6stritz\/IHSF_2025\/03_Hotel_Goldner_Loewe_1200px.jpg' alt='Geselliges Beisammensein'\/>\r\n\t\t\r\n\t\t\r\n\t<\/div>\r\n\t<div class=\"em-item-info\">\r\n\t\t<div class=\"em-event-meta em-item-meta\">\r\n\t\t\t<div class=\"em-item-meta-line em-event-date em-event-meta-datetime\">\r\n\t\t\t\t<span class=\"em-icon-calendar em-icon\"><\/span>\r\n\t\t\t\t<b>21:30 Uhr | Hotel Goldner L\u00f6we<\/b>\r\n\t\t\t<\/div>\r\n\t\t\t\r\n\t\t\t\r\n\t\t\t\r\n\t\t<\/div>\r\n\t\t\t<h4><a href=\"https:\/\/www.schuetzgesellschaft.de\/?event=geselliges-beisammensein\">Geselliges Beisammensein<\/a><\/h4>\r\n\t\t<div class=\"em-item-desc\">\r\n\t\t\t<p>Get together f\u00fcr Mitglieder und G\u00e4ste der Internationalen Heinrich-Sch\u00fctz-Gesellschaft e.V.<\/p>\r\n\t\t<\/div>\r\n\t\t<div class=\"em-item-actions input\">\r\n\t\t\t<a class=\"em-item-read-more button\" href=\"https:\/\/www.schuetzgesellschaft.de\/?event=geselliges-beisammensein\">Weitere Informationen<\/a>\r\n\t\t\t\r\n\t\t<\/div>\r\n\t<\/div>\r\n<\/div><h3>3. Oktober 2025<\/h3><div class=\"em-event em-item\" style=\"--default-border:#e31e2d\">\r\n\t<div class=\"em-item-image \">\r\n\t\t\r\n\t\t<img src='https:\/\/www.schuetzgesellschaft.de\/wp-content\/uploads\/2025\/IHSF_2025_Bad_K\u00f6stritz\/IHSF_2025\/04_Heinrich_Schuetz_1200px.jpg' alt='Heinrich Sch\u00fctz in der Wissens- und Gesellschaftsgeschichte des 19. und 20. Jahrhunderts'\/>\r\n\t\t\r\n\t\t\r\n\t<\/div>\r\n\t<div class=\"em-item-info\">\r\n\t\t<div class=\"em-event-meta em-item-meta\">\r\n\t\t\t<div class=\"em-item-meta-line em-event-date em-event-meta-datetime\">\r\n\t\t\t\t<span class=\"em-icon-calendar em-icon\"><\/span>\r\n\t\t\t\t<b>09:15 Uhr | Palais &#8211; Festsaal<\/b>\r\n\t\t\t<\/div>\r\n\t\t\t\r\n\t\t\t\r\n\t\t\t\r\n\t\t<\/div>\r\n\t\t\t<h4><a href=\"https:\/\/www.schuetzgesellschaft.de\/?event=heinrich-schuetz-in-der-wissens-und-gesellschaftsgeschichte-des-19-und-20-jahrhunderts\">Heinrich Sch\u00fctz in der Wissens- und Gesellschaftsgeschichte des 19. und 20. Jahrhunderts<\/a><\/h4>\r\n\t\t<div class=\"em-item-desc\">\r\n\t\t\t<p>Wissenschaftliches Symposion mit Vortr\u00e4gen von PD Dr. Peter Schmitz (M\u00fcnster), Dr. Ullrich Scheideler (Berlin) und Prof. Dr. Walter Werbeck (H\u00f6xter)<\/p>\r\n\t\t<\/div>\r\n\t\t<div class=\"em-item-actions input\">\r\n\t\t\t<a class=\"em-item-read-more button\" href=\"https:\/\/www.schuetzgesellschaft.de\/?event=heinrich-schuetz-in-der-wissens-und-gesellschaftsgeschichte-des-19-und-20-jahrhunderts\">Weitere Informationen<\/a>\r\n\t\t\t\r\n\t\t<\/div>\r\n\t<\/div>\r\n<\/div><div class=\"em-event em-item\" style=\"--default-border:#e31e2d\">\r\n\t<div class=\"em-item-image \">\r\n\t\t\r\n\t\t<img src='https:\/\/www.schuetzgesellschaft.de\/wp-content\/uploads\/2025\/IHSF_2025_Bad_K\u00f6stritz\/IHSF_2025\/03_Hotel_Goldner_Loewe_1200px.jpg' alt='Gemeinsames Mittagessen'\/>\r\n\t\t\r\n\t\t\r\n\t<\/div>\r\n\t<div class=\"em-item-info\">\r\n\t\t<div class=\"em-event-meta em-item-meta\">\r\n\t\t\t<div class=\"em-item-meta-line em-event-date em-event-meta-datetime\">\r\n\t\t\t\t<span class=\"em-icon-calendar em-icon\"><\/span>\r\n\t\t\t\t<b>12:30 Uhr | Hotel Goldner L\u00f6we<\/b>\r\n\t\t\t<\/div>\r\n\t\t\t\r\n\t\t\t\r\n\t\t\t\r\n\t\t<\/div>\r\n\t\t\t<h4><a href=\"https:\/\/www.schuetzgesellschaft.de\/?event=gemeinsames-mittagessen\">Gemeinsames Mittagessen<\/a><\/h4>\r\n\t\t<div class=\"em-item-desc\">\r\n\t\t\t<p>Gemeinsames Mittagessen f\u00fcr Mitglieder und G\u00e4ste der Internationalen Heinrich-Sch\u00fctz-Gesellschaft e.V.<\/p>\r\n\t\t<\/div>\r\n\t\t<div class=\"em-item-actions input\">\r\n\t\t\t<a class=\"em-item-read-more button\" href=\"https:\/\/www.schuetzgesellschaft.de\/?event=gemeinsames-mittagessen\">Weitere Informationen<\/a>\r\n\t\t\t\r\n\t\t<\/div>\r\n\t<\/div>\r\n<\/div><div class=\"em-event em-item\" style=\"--default-border:#e31e2d\">\r\n\t<div class=\"em-item-image \">\r\n\t\t\r\n\t\t<img src='https:\/\/www.schuetzgesellschaft.de\/wp-content\/uploads\/2025\/IHSF_2025_Bad_K\u00f6stritz\/IHSF_2025\/06_Heinrich_Schuetz_Haus\u00a9Christine_Tuerpitz_1200px.jpg' alt='Heinrich-Sch\u00fctz-Haus Bad K\u00f6stritz'\/>\r\n\t\t\r\n\t\t\r\n\t<\/div>\r\n\t<div class=\"em-item-info\">\r\n\t\t<div class=\"em-event-meta em-item-meta\">\r\n\t\t\t<div class=\"em-item-meta-line em-event-date em-event-meta-datetime\">\r\n\t\t\t\t<span class=\"em-icon-calendar em-icon\"><\/span>\r\n\t\t\t\t<b>14:00 Uhr | Heinrich-Sch\u00fctz-Haus<\/b>\r\n\t\t\t<\/div>\r\n\t\t\t\r\n\t\t\t\r\n\t\t\t\r\n\t\t<\/div>\r\n\t\t\t<h4><a href=\"https:\/\/www.schuetzgesellschaft.de\/?event=heinrich-schuetz-haus-bad-koestritz\">Heinrich-Sch\u00fctz-Haus Bad K\u00f6stritz<\/a><\/h4>\r\n\t\t<div class=\"em-item-desc\">\r\n\t\t\t<p>Sonderf\u00fchrung: \u201eOBERSCHENKE \u2013 G\u00dcLDENER KRANICH \u2013 MUSIKERMUSEUM\u201c<\/p>\r\n\t\t<\/div>\r\n\t\t<div class=\"em-item-actions input\">\r\n\t\t\t<a class=\"em-item-read-more button\" href=\"https:\/\/www.schuetzgesellschaft.de\/?event=heinrich-schuetz-haus-bad-koestritz\">Weitere Informationen<\/a>\r\n\t\t\t\r\n\t\t<\/div>\r\n\t<\/div>\r\n<\/div><div class=\"em-event em-item\" style=\"--default-border:#e31e2d\">\r\n\t<div class=\"em-item-image \">\r\n\t\t\r\n\t\t<img src='https:\/\/www.schuetzgesellschaft.de\/wp-content\/uploads\/2025\/IHSF_2025_Bad_K\u00f6stritz\/IHSF_2025\/07_Gera_Untermhaus\u00a9Zacke82_1200px.jpg' alt='Stadtf\u00fchrung'\/>\r\n\t\t\r\n\t\t\r\n\t<\/div>\r\n\t<div class=\"em-item-info\">\r\n\t\t<div class=\"em-event-meta em-item-meta\">\r\n\t\t\t<div class=\"em-item-meta-line em-event-date em-event-meta-datetime\">\r\n\t\t\t\t<span class=\"em-icon-calendar em-icon\"><\/span>\r\n\t\t\t\t<b>16:15 Uhr | Theater<\/b>\r\n\t\t\t<\/div>\r\n\t\t\t\r\n\t\t\t\r\n\t\t\t\r\n\t\t<\/div>\r\n\t\t\t<h4><a href=\"https:\/\/www.schuetzgesellschaft.de\/?event=stadtfuehrung-8\">Stadtf\u00fchrung<\/a><\/h4>\r\n\t\t<div class=\"em-item-desc\">\r\n\t\t\t<p>Entdecken Sie bei einem ca. 75-min\u00fctigen gef\u00fchrten Rundgang den malerischen Geraer Stadtteil Untermhaus<\/p>\r\n\t\t<\/div>\r\n\t\t<div class=\"em-item-actions input\">\r\n\t\t\t<a class=\"em-item-read-more button\" href=\"https:\/\/www.schuetzgesellschaft.de\/?event=stadtfuehrung-8\">Weitere Informationen<\/a>\r\n\t\t\t\r\n\t\t<\/div>\r\n\t<\/div>\r\n<\/div><div class=\"em-event em-item\" style=\"--default-border:#e31e2d\">\r\n\t<div class=\"em-item-image \">\r\n\t\t\r\n\t\t<img src='https:\/\/www.schuetzgesellschaft.de\/wp-content\/uploads\/2025\/IHSF_2025_Bad_K\u00f6stritz\/IHSF_2025\/08_Lummersches_Backhaus\u00a9Steffen_Loewe_1200px.jpg' alt='Gemeinsames Abendessen'\/>\r\n\t\t\r\n\t\t\r\n\t<\/div>\r\n\t<div class=\"em-item-info\">\r\n\t\t<div class=\"em-event-meta em-item-meta\">\r\n\t\t\t<div class=\"em-item-meta-line em-event-date em-event-meta-datetime\">\r\n\t\t\t\t<span class=\"em-icon-calendar em-icon\"><\/span>\r\n\t\t\t\t<b>17:30 Uhr | Lummersches Backhaus<\/b>\r\n\t\t\t<\/div>\r\n\t\t\t\r\n\t\t\t\r\n\t\t\t\r\n\t\t<\/div>\r\n\t\t\t<h4><a href=\"https:\/\/www.schuetzgesellschaft.de\/?event=gemeinsames-abendessen\">Gemeinsames Abendessen<\/a><\/h4>\r\n\t\t<div class=\"em-item-desc\">\r\n\t\t\t<p>Gemeinsames Abendessen f\u00fcr Mitglieder und G\u00e4ste der Internationalen Heinrich-Sch\u00fctz-Gesellschaft e.V.<\/p>\r\n\t\t<\/div>\r\n\t\t<div class=\"em-item-actions input\">\r\n\t\t\t<a class=\"em-item-read-more button\" href=\"https:\/\/www.schuetzgesellschaft.de\/?event=gemeinsames-abendessen\">Weitere Informationen<\/a>\r\n\t\t\t\r\n\t\t<\/div>\r\n\t<\/div>\r\n<\/div><div class=\"em-event em-item\" style=\"--default-border:#e31e2d\">\r\n\t<div class=\"em-item-image \">\r\n\t\t\r\n\t\t<img src='https:\/\/www.schuetzgesellschaft.de\/wp-content\/uploads\/2025\/IHSF_2025_Bad_K\u00f6stritz\/IHSF_2025\/09_Polyharmonique\u00a9Christian_Palm_1200px.jpg' alt='Konzert \u201eLETZTE DINGE \u2013 EWIGES LICHT\u201c'\/>\r\n\t\t\r\n\t\t\r\n\t<\/div>\r\n\t<div class=\"em-item-info\">\r\n\t\t<div class=\"em-event-meta em-item-meta\">\r\n\t\t\t<div class=\"em-item-meta-line em-event-date em-event-meta-datetime\">\r\n\t\t\t\t<span class=\"em-icon-calendar em-icon\"><\/span>\r\n\t\t\t\t<b>19:30 Uhr | St. Marienkirche<\/b>\r\n\t\t\t<\/div>\r\n\t\t\t\r\n\t\t\t\r\n\t\t\t\r\n\t\t<\/div>\r\n\t\t\t<h4><a href=\"https:\/\/www.schuetzgesellschaft.de\/?event=konzert-letzte-dinge-ewiges-licht\">Konzert \u201eLETZTE DINGE \u2013 EWIGES LICHT\u201c<\/a><\/h4>\r\n\t\t<div class=\"em-item-desc\">\r\n\t\t\t<p>Ensemble Polyharmonique | Alexander Schneider <em>Altus und Leitung<\/em><\/p>\r\n\t\t<\/div>\r\n\t\t<div class=\"em-item-actions input\">\r\n\t\t\t<a class=\"em-item-read-more button\" href=\"https:\/\/www.schuetzgesellschaft.de\/?event=konzert-letzte-dinge-ewiges-licht\">Weitere Informationen<\/a>\r\n\t\t\t\r\n\t\t<\/div>\r\n\t<\/div>\r\n<\/div><div class=\"em-event em-item\" style=\"--default-border:#e31e2d\">\r\n\t<div class=\"em-item-image \">\r\n\t\t\r\n\t\t<img src='https:\/\/www.schuetzgesellschaft.de\/wp-content\/uploads\/2025\/IHSF_2025_Bad_K\u00f6stritz\/IHSF_2025\/03_Hotel_Goldner_Loewe_1200px.jpg' alt='Geselliges Beisammensein'\/>\r\n\t\t\r\n\t\t\r\n\t<\/div>\r\n\t<div class=\"em-item-info\">\r\n\t\t<div class=\"em-event-meta em-item-meta\">\r\n\t\t\t<div class=\"em-item-meta-line em-event-date em-event-meta-datetime\">\r\n\t\t\t\t<span class=\"em-icon-calendar em-icon\"><\/span>\r\n\t\t\t\t<b>22:15 Uhr | Hotel Goldner L\u00f6we<\/b>\r\n\t\t\t<\/div>\r\n\t\t\t\r\n\t\t\t\r\n\t\t\t\r\n\t\t<\/div>\r\n\t\t\t<h4><a href=\"https:\/\/www.schuetzgesellschaft.de\/?event=geselliges-beisammensein-2\">Geselliges Beisammensein<\/a><\/h4>\r\n\t\t<div class=\"em-item-desc\">\r\n\t\t\t<p>Get together f\u00fcr Mitglieder und G\u00e4ste der Internationalen Heinrich-Sch\u00fctz-Gesellschaft e.V.<\/p>\r\n\t\t<\/div>\r\n\t\t<div class=\"em-item-actions input\">\r\n\t\t\t<a class=\"em-item-read-more button\" href=\"https:\/\/www.schuetzgesellschaft.de\/?event=geselliges-beisammensein-2\">Weitere Informationen<\/a>\r\n\t\t\t\r\n\t\t<\/div>\r\n\t<\/div>\r\n<\/div><h3>4. Oktober 2025<\/h3><div class=\"em-event em-item\" style=\"--default-border:#e31e2d\">\r\n\t<div class=\"em-item-image \">\r\n\t\t\r\n\t\t<img src='https:\/\/www.schuetzgesellschaft.de\/wp-content\/uploads\/2025\/IHSF_2025_Bad_K\u00f6stritz\/IHSF_2025\/04_Heinrich_Schuetz_1200px.jpg' alt='Heinrich Sch\u00fctz in der Wissens- und Gesellschaftsgeschichte des 19. und 20. Jahrhunderts'\/>\r\n\t\t\r\n\t\t\r\n\t<\/div>\r\n\t<div class=\"em-item-info\">\r\n\t\t<div class=\"em-event-meta em-item-meta\">\r\n\t\t\t<div class=\"em-item-meta-line em-event-date em-event-meta-datetime\">\r\n\t\t\t\t<span class=\"em-icon-calendar em-icon\"><\/span>\r\n\t\t\t\t<b>09:15 Uhr | Palais &#8211; Festsaal<\/b>\r\n\t\t\t<\/div>\r\n\t\t\t\r\n\t\t\t\r\n\t\t\t\r\n\t\t<\/div>\r\n\t\t\t<h4><a href=\"https:\/\/www.schuetzgesellschaft.de\/?event=heinrich-schuetz-in-der-wissens-und-gesellschaftsgeschichte-des-19-und-20-jahrhunderts-2\">Heinrich Sch\u00fctz in der Wissens- und Gesellschaftsgeschichte des 19. und 20. Jahrhunderts<\/a><\/h4>\r\n\t\t<div class=\"em-item-desc\">\r\n\t\t\t<p>Wissenschaftliches Symposion mit Vortr\u00e4gen von Prof. Dr. Michael Meyer (Trossingen), Dr. Benjamin Ory (Leuven), Prof. Dr. Werner Breig (Erlangen) und Vincenz von Roda (Halle an der Saale)<\/p>\r\n\t\t<\/div>\r\n\t\t<div class=\"em-item-actions input\">\r\n\t\t\t<a class=\"em-item-read-more button\" href=\"https:\/\/www.schuetzgesellschaft.de\/?event=heinrich-schuetz-in-der-wissens-und-gesellschaftsgeschichte-des-19-und-20-jahrhunderts-2\">Weitere Informationen<\/a>\r\n\t\t\t\r\n\t\t<\/div>\r\n\t<\/div>\r\n<\/div><div class=\"em-event em-item\" style=\"--default-border:#e31e2d\">\r\n\t<div class=\"em-item-image \">\r\n\t\t\r\n\t\t<img src='https:\/\/www.schuetzgesellschaft.de\/wp-content\/uploads\/2025\/IHSF_2025_Bad_K\u00f6stritz\/IHSF_2025\/10_ISG_LOGO_1200px.jpg' alt='Mitgliederversammlung'\/>\r\n\t\t\r\n\t\t\r\n\t<\/div>\r\n\t<div class=\"em-item-info\">\r\n\t\t<div class=\"em-event-meta em-item-meta\">\r\n\t\t\t<div class=\"em-item-meta-line em-event-date em-event-meta-datetime\">\r\n\t\t\t\t<span class=\"em-icon-calendar em-icon\"><\/span>\r\n\t\t\t\t<b>13:00 Uhr | Palais &#8211; Festsaal<\/b>\r\n\t\t\t<\/div>\r\n\t\t\t\r\n\t\t\t\r\n\t\t\t\r\n\t\t<\/div>\r\n\t\t\t<h4><a href=\"https:\/\/www.schuetzgesellschaft.de\/?event=mitgliederversammlung-4\">Mitgliederversammlung<\/a><\/h4>\r\n\t\t<div class=\"em-item-desc\">\r\n\t\t\t<p>Jahreshauptversammlung der Internationalen Heinrich-Sch\u00fctz-Gesellschaft e.V.<\/p>\r\n\t\t<\/div>\r\n\t\t<div class=\"em-item-actions input\">\r\n\t\t\t<a class=\"em-item-read-more button\" href=\"https:\/\/www.schuetzgesellschaft.de\/?event=mitgliederversammlung-4\">Weitere Informationen<\/a>\r\n\t\t\t\r\n\t\t<\/div>\r\n\t<\/div>\r\n<\/div><div class=\"em-event em-item\" style=\"--default-border:#e31e2d\">\r\n\t<div class=\"em-item-image \">\r\n\t\t\r\n\t\t<img src='https:\/\/www.schuetzgesellschaft.de\/wp-content\/uploads\/2025\/IHSF_2025_Bad_K\u00f6stritz\/IHSF_2025\/11_Weissenfels\u00a9Z_thomas_1200px.jpg' alt='Stadtf\u00fchrung'\/>\r\n\t\t\r\n\t\t\r\n\t<\/div>\r\n\t<div class=\"em-item-info\">\r\n\t\t<div class=\"em-event-meta em-item-meta\">\r\n\t\t\t<div class=\"em-item-meta-line em-event-date em-event-meta-datetime\">\r\n\t\t\t\t<span class=\"em-icon-calendar em-icon\"><\/span>\r\n\t\t\t\t<b>15:00 Uhr | Touristinformation<\/b>\r\n\t\t\t<\/div>\r\n\t\t\t\r\n\t\t\t\r\n\t\t\t\r\n\t\t<\/div>\r\n\t\t\t<h4><a href=\"https:\/\/www.schuetzgesellschaft.de\/?event=stadtfuehrung-weissenfels\">Stadtf\u00fchrung<\/a><\/h4>\r\n\t\t<div class=\"em-item-desc\">\r\n\t\t\t<p>Entdecken Sie Wei\u00dfenfels bei einer ca. 75-min\u00fctigen, gef\u00fchrten Stadtf\u00fchrung.<\/p>\r\n\t\t<\/div>\r\n\t\t<div class=\"em-item-actions input\">\r\n\t\t\t<a class=\"em-item-read-more button\" href=\"https:\/\/www.schuetzgesellschaft.de\/?event=stadtfuehrung-weissenfels\">Weitere Informationen<\/a>\r\n\t\t\t\r\n\t\t<\/div>\r\n\t<\/div>\r\n<\/div><div class=\"em-event em-item\" style=\"--default-border:#e31e2d\">\r\n\t<div class=\"em-item-image \">\r\n\t\t\r\n\t\t<img src='https:\/\/www.schuetzgesellschaft.de\/wp-content\/uploads\/2025\/IHSF_2025_Bad_K\u00f6stritz\/IHSF_2025\/12_Schuetz_Haus\u00a9Tilman2007.jpg' alt='Heinrich-Sch\u00fctz-Haus Wei\u00dfenfels'\/>\r\n\t\t\r\n\t\t\r\n\t<\/div>\r\n\t<div class=\"em-item-info\">\r\n\t\t<div class=\"em-event-meta em-item-meta\">\r\n\t\t\t<div class=\"em-item-meta-line em-event-date em-event-meta-datetime\">\r\n\t\t\t\t<span class=\"em-icon-calendar em-icon\"><\/span>\r\n\t\t\t\t<b>16:15 Uhr | Heinrich-Sch\u00fctz-Haus<\/b>\r\n\t\t\t<\/div>\r\n\t\t\t\r\n\t\t\t\r\n\t\t\t\r\n\t\t<\/div>\r\n\t\t\t<h4><a href=\"https:\/\/www.schuetzgesellschaft.de\/?event=heinrich-schuetz-haus-weissenfels\">Heinrich-Sch\u00fctz-Haus Wei\u00dfenfels<\/a><\/h4>\r\n\t\t<div class=\"em-item-desc\">\r\n\t\t\t<p>Sonderf\u00fchrung \u201e40 JAHRE HEINRICH-SCH\u00dcTZ-HAUS WEISSENFELS\u201c<\/p>\r\n\t\t<\/div>\r\n\t\t<div class=\"em-item-actions input\">\r\n\t\t\t<a class=\"em-item-read-more button\" href=\"https:\/\/www.schuetzgesellschaft.de\/?event=heinrich-schuetz-haus-weissenfels\">Weitere Informationen<\/a>\r\n\t\t\t\r\n\t\t<\/div>\r\n\t<\/div>\r\n<\/div><div class=\"em-event em-item\" style=\"--default-border:#e31e2d\">\r\n\t<div class=\"em-item-image \">\r\n\t\t\r\n\t\t<img src='https:\/\/www.schuetzgesellschaft.de\/wp-content\/uploads\/2025\/IHSF_2025_Bad_K\u00f6stritz\/IHSF_2025\/13_Altes_Brauhaus.jpg' alt='Gemeinsames Abendessen'\/>\r\n\t\t\r\n\t\t\r\n\t<\/div>\r\n\t<div class=\"em-item-info\">\r\n\t\t<div class=\"em-event-meta em-item-meta\">\r\n\t\t\t<div class=\"em-item-meta-line em-event-date em-event-meta-datetime\">\r\n\t\t\t\t<span class=\"em-icon-calendar em-icon\"><\/span>\r\n\t\t\t\t<b>18:00 Uhr | Altes Brauhaus<\/b>\r\n\t\t\t<\/div>\r\n\t\t\t\r\n\t\t\t\r\n\t\t\t\r\n\t\t<\/div>\r\n\t\t\t<h4><a href=\"https:\/\/www.schuetzgesellschaft.de\/?event=gemeinsames-abendessen-2\">Gemeinsames Abendessen<\/a><\/h4>\r\n\t\t<div class=\"em-item-desc\">\r\n\t\t\t<p>Gemeinsames Abendessen f\u00fcr Mitglieder und G\u00e4ste der Internationalen Heinrich-Sch\u00fctz-Gesellschaft e.V.<\/p>\r\n\t\t<\/div>\r\n\t\t<div class=\"em-item-actions input\">\r\n\t\t\t<a class=\"em-item-read-more button\" href=\"https:\/\/www.schuetzgesellschaft.de\/?event=gemeinsames-abendessen-2\">Weitere Informationen<\/a>\r\n\t\t\t\r\n\t\t<\/div>\r\n\t<\/div>\r\n<\/div><div class=\"em-event em-item\" style=\"--default-border:#e31e2d\">\r\n\t<div class=\"em-item-image \">\r\n\t\t\r\n\t\t<img src='https:\/\/www.schuetzgesellschaft.de\/wp-content\/uploads\/2025\/IHSF_2025_Bad_K\u00f6stritz\/Monika_Mauch\u00a9Foppe_Schut_1200px.jpg' alt='Konzert \u201eTEARS FROM THE SOUL\u201c'\/>\r\n\t\t\r\n\t\t\r\n\t<\/div>\r\n\t<div class=\"em-item-info\">\r\n\t\t<div class=\"em-event-meta em-item-meta\">\r\n\t\t\t<div class=\"em-item-meta-line em-event-date em-event-meta-datetime\">\r\n\t\t\t\t<span class=\"em-icon-calendar em-icon\"><\/span>\r\n\t\t\t\t<b>19:30 Uhr | Schlosskirche St. Trinitatis<\/b>\r\n\t\t\t<\/div>\r\n\t\t\t\r\n\t\t\t\r\n\t\t\t\r\n\t\t<\/div>\r\n\t\t\t<h4><a href=\"https:\/\/www.schuetzgesellschaft.de\/?event=konzert-tears-from-the-soul\">Konzert \u201eTEARS FROM THE SOUL\u201c<\/a><\/h4>\r\n\t\t<div class=\"em-item-desc\">\r\n\t\t\t<p>Monika Mauch <i>Sopran<\/i> | The Earle His Viols<\/p>\r\n\t\t<\/div>\r\n\t\t<div class=\"em-item-actions input\">\r\n\t\t\t<a class=\"em-item-read-more button\" href=\"https:\/\/www.schuetzgesellschaft.de\/?event=konzert-tears-from-the-soul\">Weitere Informationen<\/a>\r\n\t\t\t\r\n\t\t<\/div>\r\n\t<\/div>\r\n<\/div><div class=\"em-event em-item\" style=\"--default-border:#e31e2d\">\r\n\t<div class=\"em-item-image \">\r\n\t\t\r\n\t\t<img src='https:\/\/www.schuetzgesellschaft.de\/wp-content\/uploads\/2025\/IHSF_2025_Bad_K\u00f6stritz\/IHSF_2025\/03_Hotel_Goldner_Loewe_1200px.jpg' alt='Geselliges Beisammensein'\/>\r\n\t\t\r\n\t\t\r\n\t<\/div>\r\n\t<div class=\"em-item-info\">\r\n\t\t<div class=\"em-event-meta em-item-meta\">\r\n\t\t\t<div class=\"em-item-meta-line em-event-date em-event-meta-datetime\">\r\n\t\t\t\t<span class=\"em-icon-calendar em-icon\"><\/span>\r\n\t\t\t\t<b>22:15 Uhr | Hotel Goldner L\u00f6we<\/b>\r\n\t\t\t<\/div>\r\n\t\t\t\r\n\t\t\t\r\n\t\t\t\r\n\t\t<\/div>\r\n\t\t\t<h4><a href=\"https:\/\/www.schuetzgesellschaft.de\/?event=geselliges-beisammensein-3\">Geselliges Beisammensein<\/a><\/h4>\r\n\t\t<div class=\"em-item-desc\">\r\n\t\t\t<p>Get together f\u00fcr Mitglieder und G\u00e4ste der Internationalen Heinrich-Sch\u00fctz-Gesellschaft e.V.<\/p>\r\n\t\t<\/div>\r\n\t\t<div class=\"em-item-actions input\">\r\n\t\t\t<a class=\"em-item-read-more button\" href=\"https:\/\/www.schuetzgesellschaft.de\/?event=geselliges-beisammensein-3\">Weitere Informationen<\/a>\r\n\t\t\t\r\n\t\t<\/div>\r\n\t<\/div>\r\n<\/div><h3>5. Oktober 2025<\/h3><div class=\"em-event em-item\" style=\"--default-border:#e31e2d\">\r\n\t<div class=\"em-item-image \">\r\n\t\t\r\n\t\t<img src='https:\/\/www.schuetzgesellschaft.de\/wp-content\/uploads\/2025\/IHSF_2025_Bad_K\u00f6stritz\/IHSF_2025\/14_Ensemble_Carmina.jpg' alt='Festgottesdienst'\/>\r\n\t\t\r\n\t\t\r\n\t<\/div>\r\n\t<div class=\"em-item-info\">\r\n\t\t<div class=\"em-event-meta em-item-meta\">\r\n\t\t\t<div class=\"em-item-meta-line em-event-date em-event-meta-datetime\">\r\n\t\t\t\t<span class=\"em-icon-calendar em-icon\"><\/span>\r\n\t\t\t\t<b>10:00 Uhr | Kirche St. Leonhard<\/b>\r\n\t\t\t<\/div>\r\n\t\t\t\r\n\t\t\t\r\n\t\t\t\r\n\t\t<\/div>\r\n\t\t\t<h4><a href=\"https:\/\/www.schuetzgesellschaft.de\/?event=festgottesdienst-4\">Festgottesdienst<\/a><\/h4>\r\n\t\t<div class=\"em-item-desc\">\r\n\t\t\t<p>\u201eK\u00f6stritzer und G\u00e4ste musizieren Heinrich Sch\u00fctz\u201c mit Regionalbisch\u00f6fin Dr. Friederike Spengler<\/b>\r\n\t\t<\/div>\r\n\t\t<div class=\"em-item-actions input\">\r\n\t\t\t<a class=\"em-item-read-more button\" href=\"https:\/\/www.schuetzgesellschaft.de\/?event=festgottesdienst-4\">Weitere Informationen<\/a>\r\n\t\t\t\r\n\t\t<\/div>\r\n\t<\/div>\r\n<\/div>\t<\/div>\r\n<\/div>\n","protected":false},"excerpt":{"rendered":"<p>Veranstaltungskalender<\/p>\n","protected":false},"author":1,"featured_media":0,"parent":4288,"menu_order":0,"comment_status":"closed","ping_status":"closed","template":"","meta":{"footnotes":""},"class_list":{"0":"post-4292","1":"page","2":"type-page","3":"status-publish","5":"no-featured-image-padding"},"_links":{"self":[{"href":"https:\/\/www.schuetzgesellschaft.de\/index.php?rest_route=\/wp\/v2\/pages\/4292","targetHints":{"allow":["GET"]}}],"collection":[{"href":"https:\/\/www.schuetzgesellschaft.de\/index.php?rest_route=\/wp\/v2\/pages"}],"about":[{"href":"https:\/\/www.schuetzgesellschaft.de\/index.php?rest_route=\/wp\/v2\/types\/page"}],"author":[{"embeddable":true,"href":"https:\/\/www.schuetzgesellschaft.de\/index.php?rest_route=\/wp\/v2\/users\/1"}],"replies":[{"embeddable":true,"href":"https:\/\/www.schuetzgesellschaft.de\/index.php?rest_route=%2Fwp%2Fv2%2Fcomments&post=4292"}],"version-history":[{"count":3,"href":"https:\/\/www.schuetzgesellschaft.de\/index.php?rest_route=\/wp\/v2\/pages\/4292\/revisions"}],"predecessor-version":[{"id":4599,"href":"https:\/\/www.schuetzgesellschaft.de\/index.php?rest_route=\/wp\/v2\/pages\/4292\/revisions\/4599"}],"up":[{"embeddable":true,"href":"https:\/\/www.schuetzgesellschaft.de\/index.php?rest_route=\/wp\/v2\/pages\/4288"}],"wp:attachment":[{"href":"https:\/\/www.schuetzgesellschaft.de\/index.php?rest_route=%2Fwp%2Fv2%2Fmedia&parent=4292"}],"curies":[{"name":"wp","href":"https:\/\/api.w.org\/{rel}","templated":true}]}}