{"id":3456,"date":"2023-05-24T10:57:35","date_gmt":"2023-05-24T08:57:35","guid":{"rendered":"https:\/\/www.schuetzgesellschaft.de\/?page_id=3456"},"modified":"2023-06-02T09:22:36","modified_gmt":"2023-06-02T07:22:36","slug":"uebernachten-in-krakau","status":"publish","type":"page","link":"https:\/\/www.schuetzgesellschaft.de\/?page_id=3456","title":{"rendered":"\u00dcbernachten in Krakau"},"content":{"rendered":"\n<p>Gerne sind wir unseren Mitgliedern bei der Vermittlung von Hotelzimmern in Krakau behilflich. Momentan k\u00f6nnen wir Ihnen hierzu folgendes Angebot unterbreiten:<\/p>\n\n\n\n<h5 class=\"wp-block-heading\">Campanile Cracovie \/ Krakow<\/h5>\n\n\n<div class=\"wp-block-image\">\n<figure class=\"alignright size-full is-resized\"><img loading=\"lazy\" decoding=\"async\" src=\"https:\/\/www.schuetzgesellschaft.de\/wp-content\/uploads\/2023\/06\/Hotel-Campanile-Cracovie.jpg\" alt=\"\" class=\"wp-image-3505\" width=\"256\" height=\"171\" srcset=\"https:\/\/www.schuetzgesellschaft.de\/wp-content\/uploads\/2023\/06\/Hotel-Campanile-Cracovie.jpg 1024w, https:\/\/www.schuetzgesellschaft.de\/wp-content\/uploads\/2023\/06\/Hotel-Campanile-Cracovie-300x200.jpg 300w, https:\/\/www.schuetzgesellschaft.de\/wp-content\/uploads\/2023\/06\/Hotel-Campanile-Cracovie-768x512.jpg 768w\" sizes=\"auto, (max-width: 256px) 100vw, 256px\" \/><figcaption class=\"wp-element-caption\">Hotel Campanile Cracovie<\/figcaption><\/figure>\n<\/div>\n\n\n<h3 class=\"wp-block-heading\">Aufenthalt im Herzen von Krakau<\/h3>\n\n\n\n<p>Am Planty Park im Herzen der Krakauer Altstadt begr\u00fc\u00dft Sie das Campanile Cracovie. Durch die g\u00fcnstige Lage des Hotels erreichen Sie bequem zahlreiche Gesch\u00e4fte, Bars, Kneipen und Restaurants. Jedes der ger\u00e4umigen, klimatisierten Zimmer im Campanile verf\u00fcgt \u00fcber einen Flachbild-Kabel-TV sowie ein Bad mit Badewanne und Dusche. WLAN nutzen Sie in den \u00f6ffentlichen Bereichen kostenfrei. Morgens st\u00e4rken Sie sich am Fr\u00fchst\u00fccksbuffet. Das hoteleigene Restaurant serviert franz\u00f6sische K\u00fcche sowie internationale Gerichte. Im Campanile Cracovie wohnen Sie in bequemer Laufweite zu den beliebtesten Sehensw\u00fcrdigkeiten Krakaus. Hierzu geh\u00f6ren die Marienkirche, die Tuchhallen (Sukiennice) und die Jagiellonen-Universit\u00e4t. Der Wawel liegt 14 Gehminuten vom Hotel entfernt. Vom alten j\u00fcdischen Viertel Kazimierz trennen Sie 1,2 km. Zum Krakauer Hauptbahnhof und zur Haltestelle der Shuttlebusse gelangen Sie nach rund 700 m.<\/p>\n\n\n\n<p>Laut unabh\u00e4ngiger G\u00e4stebewertungen ist das der beliebteste Teil von Krakau.<\/p>\n\n\n\n<p>Campanile Cracovie \/ Krakow, ul. Sw. Tomasza 34, Altstadt, 31-023 Krakau, Polen, <a rel=\"noreferrer noopener\" href=\"https:\/\/www.campanile.com\/de-de\/unsere-hotels\/polen\/hotels-krakau\/\" target=\"_blank\">https:\/\/www.campanile.com\/de-de\/unsere-hotels\/polen\/hotels-krakau\/<\/a><\/p>\n\n\n\n<ul class=\"wp-block-list\">\n<li>21. &#8211; 24.09.2023, Doppelzimmer inkl. Fr\u00fchst\u00fcck &#8211; <strong>389,00 \u20ac<\/strong> (f\u00fcr 3 \u00dcbernachtungen)<\/li>\n<\/ul>\n\n\n\n<p>Bei Interesse melden Sie sich bitte per E-Mail an <a href=\"mailto:info@schuetzgesellschaft.de\" target=\"_blank\" rel=\"noreferrer noopener\">info@schuetzgesellschaft.de<\/a> oder telefonisch unter der Rufnummer +49 (0)561 3164500 an unsere Gesch\u00e4ftsstelle.<\/p>\n\n\n\n<p>F\u00fcr die individuelle Buchung von Unterk\u00fcnften empfehlen wir Ihnen nachfolgende Buchungsportale:<\/p>\n\n\n\n<ul class=\"wp-block-list\">\n<li><a href=\"https:\/\/www.booking.com\/\">https:\/\/www.booking.com<\/a><\/li>\n\n\n\n<li><a rel=\"noreferrer noopener\" href=\"https:\/\/www.airbnb.de\" target=\"_blank\">https:\/\/www.airbnb.de<\/a><\/li>\n<\/ul>\n","protected":false},"excerpt":{"rendered":"<p>Gerne sind wir unseren Mitgliedern bei der Vermittlung von Hotelzimmern in Krakau behilflich. Momentan k\u00f6nnen wir Ihnen hierzu folgendes Angebot unterbreiten: Campanile Cracovie \/ Krakow Aufenthalt im Herzen von Krakau Am Planty Park im Herzen der Krakauer Altstadt begr\u00fc\u00dft Sie das Campanile Cracovie. Durch die g\u00fcnstige Lage des Hotels erreichen Sie bequem zahlreiche Gesch\u00e4fte, Bars, &#8230; <a title=\"\u00dcbernachten in Krakau\" class=\"read-more\" href=\"https:\/\/www.schuetzgesellschaft.de\/?page_id=3456\" aria-label=\"Mehr Informationen \u00fcber \u00dcbernachten in Krakau\">mehr<\/a><\/p>\n","protected":false},"author":1,"featured_media":0,"parent":3293,"menu_order":8,"comment_status":"closed","ping_status":"closed","template":"","meta":{"footnotes":""},"class_list":{"0":"post-3456","1":"page","2":"type-page","3":"status-publish","5":"no-featured-image-padding"},"_links":{"self":[{"href":"https:\/\/www.schuetzgesellschaft.de\/index.php?rest_route=\/wp\/v2\/pages\/3456","targetHints":{"allow":["GET"]}}],"collection":[{"href":"https:\/\/www.schuetzgesellschaft.de\/index.php?rest_route=\/wp\/v2\/pages"}],"about":[{"href":"https:\/\/www.schuetzgesellschaft.de\/index.php?rest_route=\/wp\/v2\/types\/page"}],"author":[{"embeddable":true,"href":"https:\/\/www.schuetzgesellschaft.de\/index.php?rest_route=\/wp\/v2\/users\/1"}],"replies":[{"embeddable":true,"href":"https:\/\/www.schuetzgesellschaft.de\/index.php?rest_route=%2Fwp%2Fv2%2Fcomments&post=3456"}],"version-history":[{"count":5,"href":"https:\/\/www.schuetzgesellschaft.de\/index.php?rest_route=\/wp\/v2\/pages\/3456\/revisions"}],"predecessor-version":[{"id":3737,"href":"https:\/\/www.schuetzgesellschaft.de\/index.php?rest_route=\/wp\/v2\/pages\/3456\/revisions\/3737"}],"up":[{"embeddable":true,"href":"https:\/\/www.schuetzgesellschaft.de\/index.php?rest_route=\/wp\/v2\/pages\/3293"}],"wp:attachment":[{"href":"https:\/\/www.schuetzgesellschaft.de\/index.php?rest_route=%2Fwp%2Fv2%2Fmedia&parent=3456"}],"curies":[{"name":"wp","href":"https:\/\/api.w.org\/{rel}","templated":true}]}}