{"id":3344,"date":"2019-05-29T16:32:35","date_gmt":"2019-05-29T14:32:35","guid":{"rendered":"https:\/\/www.schuetzgesellschaft.de\/?page_id=3344"},"modified":"2023-04-11T15:31:12","modified_gmt":"2023-04-11T13:31:12","slug":"","status":"publish","type":"page","link":"https:\/\/www.schuetzgesellschaft.de\/?page_id=3344&lang=en","title":{"rendered":"Sch\u00fctz-Jahrbuch"},"content":{"rendered":"\n<div class=\"wp-block-image\"><figure class=\"alignright is-resized\"><img loading=\"lazy\" decoding=\"async\" src=\"https:\/\/www.schuetzgesellschaft.de\/wp-content\/uploads\/Fotos\/SJB_2017_300px.jpg\" alt=\"\" class=\"wp-image-22\" width=\"150\" height=\"215\" srcset=\"https:\/\/www.schuetzgesellschaft.de\/wp-content\/uploads\/Fotos\/SJB_2017_300px.jpg 300w, https:\/\/www.schuetzgesellschaft.de\/wp-content\/uploads\/Fotos\/SJB_2017_300px-209x300.jpg 209w\" sizes=\"auto, (max-width: 150px) 100vw, 150px\" \/><figcaption>Sch\u00fctz-Jahrbuch<\/figcaption><\/figure><\/div>\n\n<p>Since 1979 the <strong>Sch\u00fctz-Jahrbuch<\/strong> has been published annually as the central publication organ for scholarly contributions on Heinrich Sch\u00fctz and his environment, including the papers and lectures of the International Heinrich Sch\u00fctz Festivals of the ISG.  <\/p>\n\n<p>The Sch\u00fctz Yearbook is available in bookstores at a price of \u20ac 39.95 (ISSN 0174-2345). The members of the ISG receive the yearbook free of charge as a membership gift.<\/p>\n\n<p>With an embargo period of five years, the previously published issues of the Sch\u00fctz-Jahrbuch are also freely accessible via the <a rel=\"noreferrer noopener\" aria-label=\"Online-Portal der SLUB (&#xF6;ffnet in neuem Tab)\" href=\"https:\/\/oa.slub-dresden.de\/ejournals\/sjb\/index\" target=\"_blank\">online portal of the SLUB<\/a> (S\u00e4chsische Landesbibliothek &#8211; Staats- und Universit\u00e4tsbibliothek Dresden).<\/p>\n\n<p><em>Publisher<\/em>:  <br\/>1979 &#8211; 1996 Werner Breig | 1997 &#8211; 2014 Walter Werbeck in conjunction with Werner Breig, Friedhelm Krummacher and Eva Linfield | 2015 &#8211; J\u00fcrgen Heidrich in conjunction with Werner Breig, Konrad K\u00fcster and Walter Werbeck.<\/p>\n","protected":false},"excerpt":{"rendered":"<p>Since 1979 the Sch\u00fctz-Jahrbuch has been published annually as the central publication organ for scholarly contributions on Heinrich Sch\u00fctz and his environment, including the papers and lectures of the International Heinrich Sch\u00fctz Festivals of the ISG. The Sch\u00fctz Yearbook is available in bookstores at a price of \u20ac 39.95 (ISSN 0174-2345). The members of the &#8230; <a title=\"Sch\u00fctz-Jahrbuch\" class=\"read-more\" href=\"https:\/\/www.schuetzgesellschaft.de\/?page_id=3344&#038;lang=en\" aria-label=\"Mehr Informationen \u00fcber Sch\u00fctz-Jahrbuch\">mehr<\/a><\/p>\n","protected":false},"author":1,"featured_media":0,"parent":0,"menu_order":22,"comment_status":"closed","ping_status":"closed","template":"","meta":{"footnotes":""},"class_list":{"0":"post-3344","1":"page","2":"type-page","3":"status-publish","5":"no-featured-image-padding"},"_links":{"self":[{"href":"https:\/\/www.schuetzgesellschaft.de\/index.php?rest_route=\/wp\/v2\/pages\/3344","targetHints":{"allow":["GET"]}}],"collection":[{"href":"https:\/\/www.schuetzgesellschaft.de\/index.php?rest_route=\/wp\/v2\/pages"}],"about":[{"href":"https:\/\/www.schuetzgesellschaft.de\/index.php?rest_route=\/wp\/v2\/types\/page"}],"author":[{"embeddable":true,"href":"https:\/\/www.schuetzgesellschaft.de\/index.php?rest_route=\/wp\/v2\/users\/1"}],"replies":[{"embeddable":true,"href":"https:\/\/www.schuetzgesellschaft.de\/index.php?rest_route=%2Fwp%2Fv2%2Fcomments&post=3344"}],"version-history":[{"count":4,"href":"https:\/\/www.schuetzgesellschaft.de\/index.php?rest_route=\/wp\/v2\/pages\/3344\/revisions"}],"predecessor-version":[{"id":3348,"href":"https:\/\/www.schuetzgesellschaft.de\/index.php?rest_route=\/wp\/v2\/pages\/3344\/revisions\/3348"}],"wp:attachment":[{"href":"https:\/\/www.schuetzgesellschaft.de\/index.php?rest_route=%2Fwp%2Fv2%2Fmedia&parent=3344"}],"curies":[{"name":"wp","href":"https:\/\/api.w.org\/{rel}","templated":true}]}}