{"id":3336,"date":"2019-05-29T17:05:10","date_gmt":"2019-05-29T15:05:10","guid":{"rendered":"https:\/\/www.schuetzgesellschaft.de\/?page_id=3336"},"modified":"2023-04-11T14:58:33","modified_gmt":"2023-04-11T12:58:33","slug":"catalog-of-works","status":"publish","type":"page","link":"https:\/\/www.schuetzgesellschaft.de\/?page_id=3336&lang=en","title":{"rendered":"Catalog of works"},"content":{"rendered":"\n<p>An online version of the <strong>Sch\u00fctz-Werke-Verzeichnis (SWV)<\/strong>, which Werner Bittinger published in 1960 on behalf of the Neue Sch\u00fctz Gesellschaft, was compiled by the Heinrich Sch\u00fctz Haus Bad K\u00f6stritz. You can find this <a rel=\"noreferrer noopener\" href=\"http:\/\/heinrich-schuetz-haus.de\/swv\/sites\/swv.htm\" target=\"_blank\">here<\/a>. <\/p>\n","protected":false},"excerpt":{"rendered":"<p>An online version of the Sch\u00fctz-Werke-Verzeichnis (SWV), which Werner Bittinger published in 1960 on behalf of the Neue Sch\u00fctz Gesellschaft, was compiled by the Heinrich Sch\u00fctz Haus Bad K\u00f6stritz. You can find this here.<\/p>\n","protected":false},"author":1,"featured_media":0,"parent":0,"menu_order":20,"comment_status":"closed","ping_status":"closed","template":"","meta":{"footnotes":""},"class_list":{"0":"post-3336","1":"page","2":"type-page","3":"status-publish","5":"no-featured-image-padding"},"_links":{"self":[{"href":"https:\/\/www.schuetzgesellschaft.de\/index.php?rest_route=\/wp\/v2\/pages\/3336","targetHints":{"allow":["GET"]}}],"collection":[{"href":"https:\/\/www.schuetzgesellschaft.de\/index.php?rest_route=\/wp\/v2\/pages"}],"about":[{"href":"https:\/\/www.schuetzgesellschaft.de\/index.php?rest_route=\/wp\/v2\/types\/page"}],"author":[{"embeddable":true,"href":"https:\/\/www.schuetzgesellschaft.de\/index.php?rest_route=\/wp\/v2\/users\/1"}],"replies":[{"embeddable":true,"href":"https:\/\/www.schuetzgesellschaft.de\/index.php?rest_route=%2Fwp%2Fv2%2Fcomments&post=3336"}],"version-history":[{"count":1,"href":"https:\/\/www.schuetzgesellschaft.de\/index.php?rest_route=\/wp\/v2\/pages\/3336\/revisions"}],"predecessor-version":[{"id":3337,"href":"https:\/\/www.schuetzgesellschaft.de\/index.php?rest_route=\/wp\/v2\/pages\/3336\/revisions\/3337"}],"wp:attachment":[{"href":"https:\/\/www.schuetzgesellschaft.de\/index.php?rest_route=%2Fwp%2Fv2%2Fmedia&parent=3336"}],"curies":[{"name":"wp","href":"https:\/\/api.w.org\/{rel}","templated":true}]}}