{"id":3317,"date":"2019-05-29T15:46:06","date_gmt":"2019-05-29T13:46:06","guid":{"rendered":"https:\/\/www.schuetzgesellschaft.de\/?page_id=3317"},"modified":"2023-04-11T13:48:46","modified_gmt":"2023-04-11T11:48:46","slug":"the-international-heinrich-schuetz-society","status":"publish","type":"page","link":"https:\/\/www.schuetzgesellschaft.de\/?page_id=3317&lang=en","title":{"rendered":"The International Heinrich Sch\u00fctz Society"},"content":{"rendered":"\n<p>The International Heinrich Sch\u00fctz Society \n(ISG), 1930 as the New Sch\u00fctz Society by Hans Joachim Moser, Fritz \nSchmidt, Karl V\u00f6tterle and others, has its headquarters in Kassel, \nthe first workplace of the composer. The members include \nMusic lovers as well as professional musicians, but also music researchers, \ntheologians, publicists, as well as musicological and \nchurch music institutes, libraries, authorities and companies. your \nlarge number shows the widespread interest in Sch\u00fctz and his music.\n<\/p>\n\n<p>With its sections in Scandinavia, England, \nFrance, Japan and the USA and Canada have been targeting the ISG since their \nAt the beginning of 1930 on the care of &#8220;age&#8221;, especially sacred music and\n contributes with its activities significantly to worldwide fame\n all of the music of 16th and 17th century in the German-speaking area \nat. Through its section in the USA, the ISG is closely associated with the \n<em>Society for Seventeenth-Century Music<\/em> there; There are also intensive contacts with Sweden and the local <em>Svenska Sch\u00fctz-s\u00e4llskapet<\/em> .\n<\/p>\n\n<p>The Annual Scientific and Artistic\n ISG events focus on Heinrich Sch\u00fctz Days \nor International Heinrich Sch\u00fctz Festivals at different locations. for \ntheir choice are local connections to Heinrich Sch\u00fctz and his music,\n but also outstanding historical or cultural events \nessential. The Sch\u00fctz festivals of the last three years, for example \ntook place in Marburg, The Hague and Dresden. Such meetings serve \nnot only the intensive practical care and scientific \nPenetration of Sch\u00fctz&#8217; music, but at the same time give the members \nOpportunity for mutual exchange of ideas and for deepening \nexisting and to establish new contacts. \n<\/p>\n\n<p>The ISG&#8217;s trilingual communication <em><a href=\"http:\/\/localhost\/ISG_Wordpress\/?page_id=25\">organ Acta Sagittariana<\/a><\/em> draws attention to the diverse activities of the members in the various sections. The <em><a href=\"http:\/\/localhost\/ISG_Wordpress\/?page_id=31\">Sch\u00fctz Yearbook<\/a><\/em> , the academic organ of the ISG, is one of the world&#8217;s leading musicological journals, alongside the American <em>Journal of Seventeenth-Century Music<\/em> , with a focus on German music of the early Baroque period. Here international specialists publish their research results in a wide range of topics. <\/p>\n\n<p>In addition, various <a href=\"http:\/\/localhost\/ISG_Wordpress\/?page_id=23\">publications<\/a> are published by B\u00e4renreiter-Verlag (Kassel) on behalf of the ISG.<\/p>\n","protected":false},"excerpt":{"rendered":"<p>The International Heinrich Sch\u00fctz Society (ISG), 1930 as the New Sch\u00fctz Society by Hans Joachim Moser, Fritz Schmidt, Karl V\u00f6tterle and others, has its headquarters in Kassel, the first workplace of the composer. The members include Music lovers as well as professional musicians, but also music researchers, theologians, publicists, as well as musicological and church &#8230; <a title=\"The International Heinrich Sch\u00fctz Society\" class=\"read-more\" href=\"https:\/\/www.schuetzgesellschaft.de\/?page_id=3317&#038;lang=en\" aria-label=\"Mehr Informationen \u00fcber The International Heinrich Sch\u00fctz Society\">mehr<\/a><\/p>\n","protected":false},"author":1,"featured_media":0,"parent":0,"menu_order":1,"comment_status":"closed","ping_status":"closed","template":"","meta":{"footnotes":""},"class_list":{"0":"post-3317","1":"page","2":"type-page","3":"status-publish","5":"no-featured-image-padding"},"_links":{"self":[{"href":"https:\/\/www.schuetzgesellschaft.de\/index.php?rest_route=\/wp\/v2\/pages\/3317","targetHints":{"allow":["GET"]}}],"collection":[{"href":"https:\/\/www.schuetzgesellschaft.de\/index.php?rest_route=\/wp\/v2\/pages"}],"about":[{"href":"https:\/\/www.schuetzgesellschaft.de\/index.php?rest_route=\/wp\/v2\/types\/page"}],"author":[{"embeddable":true,"href":"https:\/\/www.schuetzgesellschaft.de\/index.php?rest_route=\/wp\/v2\/users\/1"}],"replies":[{"embeddable":true,"href":"https:\/\/www.schuetzgesellschaft.de\/index.php?rest_route=%2Fwp%2Fv2%2Fcomments&post=3317"}],"version-history":[{"count":3,"href":"https:\/\/www.schuetzgesellschaft.de\/index.php?rest_route=\/wp\/v2\/pages\/3317\/revisions"}],"predecessor-version":[{"id":3320,"href":"https:\/\/www.schuetzgesellschaft.de\/index.php?rest_route=\/wp\/v2\/pages\/3317\/revisions\/3320"}],"wp:attachment":[{"href":"https:\/\/www.schuetzgesellschaft.de\/index.php?rest_route=%2Fwp%2Fv2%2Fmedia&parent=3317"}],"curies":[{"name":"wp","href":"https:\/\/api.w.org\/{rel}","templated":true}]}}