{"id":3296,"date":"2023-04-26T13:29:24","date_gmt":"2023-04-26T11:29:24","guid":{"rendered":"https:\/\/www.schuetzgesellschaft.de\/?page_id=3296"},"modified":"2023-08-16T14:36:24","modified_gmt":"2023-08-16T12:36:24","slug":"programm","status":"publish","type":"page","link":"https:\/\/www.schuetzgesellschaft.de\/?page_id=3296","title":{"rendered":""},"content":{"rendered":"\n<p>52. Internationales Heinrich-Sch\u00fctz-Fest<br>Krakau, 21. &#8211; 24. September 2023<\/p>\n\n\n\n<h2 class=\"wp-block-heading\">\u201eDeutsch-polnische Musikbeziehungen\u201c<\/h2>\n\n\n\n<p>Im Zentrum des 52. Internationalen Heinrich-Sch\u00fctz-Festes in Krakau stehen die polnisch-deutschen Musikbeziehungen zur Zeit von Heinrich Sch\u00fctz (1585\u20131672). Besondere Ber\u00fccksichtigung finden Adam Jarz\u0119bski (um 1590\u20131649) sowie Philipp Friedrich Buchner (1614\u20131669). Jarz\u0119bski diente seit 1612 in der Hofkapelle des brandenburgischen Kurf\u00fcrsten Johann Siegmund, Buchner stand von 1637 bis wahrscheinlich 1648 in Krakau im Dienst des polnischen Reichsf\u00fcrsten Stanis\u0142aw Lubomirski. Beide Komponisten verbindet ein Studium in Italien \u2013 Jarz\u0119bski seit 1615, Buchner seit 1641 \u2013, und mit ihren Biographien stehen beide beispielhaft f\u00fcr den intensiven Musik- und Kulturtransfer zwischen Polen und Deutschland im 17. Jahrhundert.<\/p>\n\n\n\n<p>(\u00c4nderungen vorbehalten)<\/p>\n\n\n\n<p><br><\/p>\n\n\n\n<h2 class=\"wp-block-heading\">Programm<\/h2>\n\n\n\n<h2 class=\"wp-block-heading\">   <\/h2>\n\n\n<div class=\"em em-view-container\" id=\"em-view-1424047683\" data-view=\"list-grouped\">\r\n\t<div class=\"em em-list em-events-list em-events-list-grouped\" id=\"em-events-list-grouped-1424047683\">\r\n\t<h3>21. September 2023<\/h3><div class=\"em-event em-item\" style=\"--default-border:#dd3333\">\r\n\t<div class=\"em-item-image \">\r\n\t\t\r\n\t\t<img src='https:\/\/www.schuetzgesellschaft.de\/wp-content\/uploads\/2023\/04\/ISG_2023_Akademia_Muzyczna_Krakow_1200px-scaled.jpg' alt='Er\u00f6ffnung'\/>\r\n\t\t\r\n\t\t\r\n\t<\/div>\r\n\t<div class=\"em-item-info\">\r\n\t\t<div class=\"em-event-meta em-item-meta\">\r\n\t\t\t<div class=\"em-item-meta-line em-event-date em-event-meta-datetime\">\r\n\t\t\t\t<span class=\"em-icon-calendar em-icon\"><\/span>\r\n\t\t\t\t<b>16:00 Uhr | Krzysztof-Penderecki-Musikakademie (Akademia Muzyczna im. Krzysztofa Pendereckiego w Krakowie)<\/b>\r\n\t\t\t<\/div>\r\n\t\t\t\r\n\t\t\t\r\n\t\t\t\r\n\t\t<\/div>\r\n\t\t\t<h4><a href=\"https:\/\/www.schuetzgesellschaft.de\/?event=eroeffnung-des-52-internationalen-heinrich-schuetz-festes\">Er\u00f6ffnung<\/a><\/h4>\r\n\t\t<div class=\"em-item-desc\">\r\n\t\t\t<p>Er\u00f6ffnung des 52. Internationalen Heinrich-Sch\u00fctz-Festes<br>\r\n<em>\u201eDeutsch-polnische Musikbeziehungen\u201c<\/em><br>\r\nGru\u00dfworte, Festvortrag und musikalische Umrahmung<\/p>\r\n\t\t<\/div>\r\n\t\t<div class=\"em-item-actions input\">\r\n\t\t\t<a class=\"em-item-read-more button\" href=\"https:\/\/www.schuetzgesellschaft.de\/?event=eroeffnung-des-52-internationalen-heinrich-schuetz-festes\">Weitere Informationen<\/a>\r\n\t\t\t\r\n\t\t<\/div>\r\n\t<\/div>\r\n<\/div><div class=\"em-event em-item\" style=\"--default-border:#dd3333\">\r\n\t<div class=\"em-item-image \">\r\n\t\t\r\n\t\t<img src='https:\/\/www.schuetzgesellschaft.de\/wp-content\/uploads\/2023\/04\/ISG_2023_HP_Vasa_Consort_1200px.jpg' alt='Er\u00f6ffnungskonzert'\/>\r\n\t\t\r\n\t\t\r\n\t<\/div>\r\n\t<div class=\"em-item-info\">\r\n\t\t<div class=\"em-event-meta em-item-meta\">\r\n\t\t\t<div class=\"em-item-meta-line em-event-date em-event-meta-datetime\">\r\n\t\t\t\t<span class=\"em-icon-calendar em-icon\"><\/span>\r\n\t\t\t\t<b>19:00 Uhr | Martinskirche (Ko\u015bci\u00f3\u0142 \u015bw. Marcina)<\/b>\r\n\t\t\t<\/div>\r\n\t\t\t\r\n\t\t\t\r\n\t\t\t\r\n\t\t<\/div>\r\n\t\t\t<h4><a href=\"https:\/\/www.schuetzgesellschaft.de\/?event=eroeffnungskonzert-3\">Er\u00f6ffnungskonzert<\/a><\/h4>\r\n\t\t<div class=\"em-item-desc\">\r\n\t\t\t<p>Adam Jarz\u0119bski: \u201eConcerti e canzoni\"<br>\r\nVasa Consort | Marcin Szelest <em>Leitung<\/em><\/p>\r\n\t\t<\/div>\r\n\t\t<div class=\"em-item-actions input\">\r\n\t\t\t<a class=\"em-item-read-more button\" href=\"https:\/\/www.schuetzgesellschaft.de\/?event=eroeffnungskonzert-3\">Weitere Informationen<\/a>\r\n\t\t\t\r\n\t\t<\/div>\r\n\t<\/div>\r\n<\/div><h3>22. September 2023<\/h3><div class=\"em-event em-item\" style=\"--default-border:#dd3333\">\r\n\t<div class=\"em-item-image \">\r\n\t\t\r\n\t\t<img src='https:\/\/www.schuetzgesellschaft.de\/wp-content\/uploads\/2023\/04\/ISG_2023_HP_Heinrich_Schuetz_1200px.jpg' alt='Wissenschaftliches Symposion'\/>\r\n\t\t\r\n\t\t\r\n\t<\/div>\r\n\t<div class=\"em-item-info\">\r\n\t\t<div class=\"em-event-meta em-item-meta\">\r\n\t\t\t<div class=\"em-item-meta-line em-event-date em-event-meta-datetime\">\r\n\t\t\t\t<span class=\"em-icon-calendar em-icon\"><\/span>\r\n\t\t\t\t<b>09:30 Uhr | Krzysztof-Penderecki-Musikakademie (Akademia Muzyczna im. Krzysztofa Pendereckiego w Krakowie)<\/b>\r\n\t\t\t<\/div>\r\n\t\t\t\r\n\t\t\t\r\n\t\t\t\r\n\t\t<\/div>\r\n\t\t\t<h4><a href=\"https:\/\/www.schuetzgesellschaft.de\/?event=wissenschaftliches-symposion-teil-1\">Wissenschaftliches Symposion<\/a><\/h4>\r\n\t\t<div class=\"em-item-desc\">\r\n\t\t\t<p>\u201eDeutsch-polnische Musikbeziehungen\u201c<br>\r\nVortr\u00e4ge von Prof. Dr. Michael Meyer (Trossingen), Prof. Dr. Walter Werbeck (Greifswald) und Prof. Dr. Marcin Szelest (Krakau)<\/p>\r\n\t\t<\/div>\r\n\t\t<div class=\"em-item-actions input\">\r\n\t\t\t<a class=\"em-item-read-more button\" href=\"https:\/\/www.schuetzgesellschaft.de\/?event=wissenschaftliches-symposion-teil-1\">Weitere Informationen<\/a>\r\n\t\t\t\r\n\t\t<\/div>\r\n\t<\/div>\r\n<\/div><div class=\"em-event em-item\" style=\"--default-border:#dd3333\">\r\n\t<div class=\"em-item-image \">\r\n\t\t\r\n\t\t<img src='https:\/\/www.schuetzgesellschaft.de\/wp-content\/uploads\/2023\/05\/ISG_2023_HP_ISG_Logo.jpg' alt='Mitgliederversammlung'\/>\r\n\t\t\r\n\t\t\r\n\t<\/div>\r\n\t<div class=\"em-item-info\">\r\n\t\t<div class=\"em-event-meta em-item-meta\">\r\n\t\t\t<div class=\"em-item-meta-line em-event-date em-event-meta-datetime\">\r\n\t\t\t\t<span class=\"em-icon-calendar em-icon\"><\/span>\r\n\t\t\t\t<b>14:00 Uhr | Krzysztof-Penderecki-Musikakademie (Akademia Muzyczna im. Krzysztofa Pendereckiego w Krakowie)<\/b>\r\n\t\t\t<\/div>\r\n\t\t\t\r\n\t\t\t\r\n\t\t\t\r\n\t\t<\/div>\r\n\t\t\t<h4><a href=\"https:\/\/www.schuetzgesellschaft.de\/?event=mitgliederversammlung-der-internationalen-heinrich-schuetz-gesellschaft-e-v-2\">Mitgliederversammlung<\/a><\/h4>\r\n\t\t<div class=\"em-item-desc\">\r\n\t\t\tMitgliederversammlung der Intern. Heinrich-Sch\u00fctz-Gesellschaft e.V. (nur f\u00fcr Vereinsmitglieder)\r\n\t\t<\/div>\r\n\t\t<div class=\"em-item-actions input\">\r\n\t\t\t<a class=\"em-item-read-more button\" href=\"https:\/\/www.schuetzgesellschaft.de\/?event=mitgliederversammlung-der-internationalen-heinrich-schuetz-gesellschaft-e-v-2\">Weitere Informationen<\/a>\r\n\t\t\t\r\n\t\t<\/div>\r\n\t<\/div>\r\n<\/div><div class=\"em-event em-item\" style=\"--default-border:#dd3333\">\r\n\t<div class=\"em-item-image \">\r\n\t\t\r\n\t\t<img src='https:\/\/www.schuetzgesellschaft.de\/wp-content\/uploads\/2023\/04\/ISG_2023_HP_Urbaniak_1200px.jpg' alt='Orgelkonzert (Achtung: Neuer Veranstaltungsort!)'\/>\r\n\t\t\r\n\t\t\r\n\t<\/div>\r\n\t<div class=\"em-item-info\">\r\n\t\t<div class=\"em-event-meta em-item-meta\">\r\n\t\t\t<div class=\"em-item-meta-line em-event-date em-event-meta-datetime\">\r\n\t\t\t\t<span class=\"em-icon-calendar em-icon\"><\/span>\r\n\t\t\t\t<b>18:45 Uhr | Basilika St. Andreas (Bazylika \u015bw. Andrzeja Aposto\u0142a w Olkuszu)<\/b>\r\n\t\t\t<\/div>\r\n\t\t\t\r\n\t\t\t\r\n\t\t\t\r\n\t\t<\/div>\r\n\t\t\t<h4><a href=\"https:\/\/www.schuetzgesellschaft.de\/?event=orgelkonzert-2\">Orgelkonzert (Achtung: Neuer Veranstaltungsort!)<\/a><\/h4>\r\n\t\t<div class=\"em-item-desc\">\r\n\t\t\t<p>Krzysztof Urbaniak <em>Orgel<\/em><\/br>\r\nWerke von Werke von Georg B\u00f6hm (1661\u20131733), Paolo Battaccio (vor 1609\u2013ca. 1615), Dieterich Buxtehude (ca. 1637\u20131707), Diomedes Cato (ca. 1565\u20131627), Tarquinio Merula (1595\u20131665), Andreas Neunhaber (1603\u20131663), Paul Siefert (1586\u20131666) und Jan Pieterszoon Sweelinck (1562\u20131621)<\/p>\r\n\t\t<\/div>\r\n\t\t<div class=\"em-item-actions input\">\r\n\t\t\t<a class=\"em-item-read-more button\" href=\"https:\/\/www.schuetzgesellschaft.de\/?event=orgelkonzert-2\">Weitere Informationen<\/a>\r\n\t\t\t\r\n\t\t<\/div>\r\n\t<\/div>\r\n<\/div><h3>23. September 2023<\/h3><div class=\"em-event em-item\" style=\"--default-border:#dd3333\">\r\n\t<div class=\"em-item-image \">\r\n\t\t\r\n\t\t<img src='https:\/\/www.schuetzgesellschaft.de\/wp-content\/uploads\/2023\/04\/ISG_2023_HP_Jagiellonische_Bibliothek_1200px.jpg' alt='Bibliotheksf\u00fchrung'\/>\r\n\t\t\r\n\t\t\r\n\t<\/div>\r\n\t<div class=\"em-item-info\">\r\n\t\t<div class=\"em-event-meta em-item-meta\">\r\n\t\t\t<div class=\"em-item-meta-line em-event-date em-event-meta-datetime\">\r\n\t\t\t\t<span class=\"em-icon-calendar em-icon\"><\/span>\r\n\t\t\t\t<b>11:00 Uhr | Jagiellonische Bibliothek (Biblioteka Jagiello\u0144ska)<\/b>\r\n\t\t\t<\/div>\r\n\t\t\t\r\n\t\t\t\r\n\t\t\t\r\n\t\t<\/div>\r\n\t\t\t<h4><a href=\"https:\/\/www.schuetzgesellschaft.de\/?event=bibliotheksfuehrung\">Bibliotheksf\u00fchrung<\/a><\/h4>\r\n\t\t<div class=\"em-item-desc\">\r\n\t\t\t<p>Dr. Michal Lewicki <em>Leitung<\/em><br>\r\nF\u00fchrung durch die Musik- und Handschriftenabteilung<\/p>\r\n\t\t<\/div>\r\n\t\t<div class=\"em-item-actions input\">\r\n\t\t\t<a class=\"em-item-read-more button\" href=\"https:\/\/www.schuetzgesellschaft.de\/?event=bibliotheksfuehrung\">Weitere Informationen<\/a>\r\n\t\t\t\r\n\t\t<\/div>\r\n\t<\/div>\r\n<\/div><div class=\"em-event em-item\" style=\"--default-border:#dd3333\">\r\n\t<div class=\"em-item-image \">\r\n\t\t\r\n\t\t<img src='https:\/\/www.schuetzgesellschaft.de\/wp-content\/uploads\/2023\/04\/ISG_2023_HP_Sukiennice_and_Main_Market_Square_Krakow_Poland_1200px.jpg' alt='Stadtf\u00fchrung'\/>\r\n\t\t\r\n\t\t\r\n\t<\/div>\r\n\t<div class=\"em-item-info\">\r\n\t\t<div class=\"em-event-meta em-item-meta\">\r\n\t\t\t<div class=\"em-item-meta-line em-event-date em-event-meta-datetime\">\r\n\t\t\t\t<span class=\"em-icon-calendar em-icon\"><\/span>\r\n\t\t\t\t<b>14:00 Uhr | Basztowa<\/b>\r\n\t\t\t<\/div>\r\n\t\t\t\r\n\t\t\t\r\n\t\t\t\r\n\t\t<\/div>\r\n\t\t\t<h4><a href=\"https:\/\/www.schuetzgesellschaft.de\/?event=stadtfuehrung-5\">Stadtf\u00fchrung<\/a><\/h4>\r\n\t\t<div class=\"em-item-desc\">\r\n\t\t\t<p>Krakau: Rundgang durch die Altstadt<\/p>\r\n\t\t<\/div>\r\n\t\t<div class=\"em-item-actions input\">\r\n\t\t\t<a class=\"em-item-read-more button\" href=\"https:\/\/www.schuetzgesellschaft.de\/?event=stadtfuehrung-5\">Weitere Informationen<\/a>\r\n\t\t\t\r\n\t\t<\/div>\r\n\t<\/div>\r\n<\/div><div class=\"em-event em-item\" style=\"--default-border:#dd3333\">\r\n\t<div class=\"em-item-image \">\r\n\t\t\r\n\t\t<img src='https:\/\/www.schuetzgesellschaft.de\/wp-content\/uploads\/2023\/04\/ISG_2023_HP_Johann_Rosenmueller_Ensemble_01_\u00a9_Mathias-Marx_1200px.jpg' alt='Konzert'\/>\r\n\t\t\r\n\t\t\r\n\t<\/div>\r\n\t<div class=\"em-item-info\">\r\n\t\t<div class=\"em-event-meta em-item-meta\">\r\n\t\t\t<div class=\"em-item-meta-line em-event-date em-event-meta-datetime\">\r\n\t\t\t\t<span class=\"em-icon-calendar em-icon\"><\/span>\r\n\t\t\t\t<b>19:00 Uhr | Martinskirche (Ko\u015bci\u00f3\u0142 \u015bw. Marcina)<\/b>\r\n\t\t\t<\/div>\r\n\t\t\t\r\n\t\t\t\r\n\t\t\t\r\n\t\t<\/div>\r\n\t\t\t<h4><a href=\"https:\/\/www.schuetzgesellschaft.de\/?event=heinrich-schuetz-und-kassel-2\">Konzert<\/a><\/h4>\r\n\t\t<div class=\"em-item-desc\">\r\n\t\t\t<p>Philipp Friedrich Buchner (1614\u20131669)<br><em>Ein deutscher Musiker am Krakauer Hof des Stanislaw Lubomirski (1583\u20131649)<\/em><br>\r\nJohann Rosenm\u00fcller Ensemble | Arno Paduch <em>Konzeption und Leitung<\/em>\r\n\t\t<\/div>\r\n\t\t<div class=\"em-item-actions input\">\r\n\t\t\t<a class=\"em-item-read-more button\" href=\"https:\/\/www.schuetzgesellschaft.de\/?event=heinrich-schuetz-und-kassel-2\">Weitere Informationen<\/a>\r\n\t\t\t\r\n\t\t<\/div>\r\n\t<\/div>\r\n<\/div><h3>24. September 2023<\/h3><div class=\"em-event em-item\" style=\"--default-border:#dd3333\">\r\n\t<div class=\"em-item-image \">\r\n\t\t\r\n\t\t<img src='https:\/\/www.schuetzgesellschaft.de\/wp-content\/uploads\/2023\/04\/ISG_2023_HP_Martinskirche_1200px.jpg' alt='Festgottesdienst'\/>\r\n\t\t\r\n\t\t\r\n\t<\/div>\r\n\t<div class=\"em-item-info\">\r\n\t\t<div class=\"em-event-meta em-item-meta\">\r\n\t\t\t<div class=\"em-item-meta-line em-event-date em-event-meta-datetime\">\r\n\t\t\t\t<span class=\"em-icon-calendar em-icon\"><\/span>\r\n\t\t\t\t<b>10:00 Uhr | Martinskirche<\/b>\r\n\t\t\t<\/div>\r\n\t\t\t\r\n\t\t\t\r\n\t\t\t\r\n\t\t<\/div>\r\n\t\t\t<h4><a href=\"https:\/\/www.schuetzgesellschaft.de\/?event=festgottesdienst-3\">Festgottesdienst<\/a><\/h4>\r\n\t\t<div class=\"em-item-desc\">\r\n\t\t\t<p>Pfarrer \u0141ukasz Ostruszka <em>Liturgie und Predigt<\/em><br>\r\nStudierende der Krzysztof-Penderecki-Musikakademie Krakau<\/br><em>Musikalische Umrahmung<\/em><\/p>\r\n\t\t<\/div>\r\n\t\t<div class=\"em-item-actions input\">\r\n\t\t\t<a class=\"em-item-read-more button\" href=\"https:\/\/www.schuetzgesellschaft.de\/?event=festgottesdienst-3\">Weitere Informationen<\/a>\r\n\t\t\t\r\n\t\t<\/div>\r\n\t<\/div>\r\n<\/div>\t<\/div>\r\n<\/div>\n","protected":false},"excerpt":{"rendered":"<p>52. Internationales Heinrich-Sch\u00fctz-FestKrakau, 21. &#8211; 24. September 2023 \u201eDeutsch-polnische Musikbeziehungen\u201c Im Zentrum des 52. Internationalen Heinrich-Sch\u00fctz-Festes in Krakau stehen die polnisch-deutschen Musikbeziehungen zur Zeit von Heinrich Sch\u00fctz (1585\u20131672). Besondere Ber\u00fccksichtigung finden Adam Jarz\u0119bski (um 1590\u20131649) sowie Philipp Friedrich Buchner (1614\u20131669). Jarz\u0119bski diente seit 1612 in der Hofkapelle des brandenburgischen Kurf\u00fcrsten Johann Siegmund, Buchner stand von &#8230; <a title=\"\" class=\"read-more\" href=\"https:\/\/www.schuetzgesellschaft.de\/?page_id=3296\" aria-label=\"Mehr Informationen \u00fcber \">mehr<\/a><\/p>\n","protected":false},"author":1,"featured_media":0,"parent":3293,"menu_order":4,"comment_status":"closed","ping_status":"closed","template":"","meta":{"footnotes":""},"class_list":{"0":"post-3296","1":"page","2":"type-page","3":"status-publish","5":"no-featured-image-padding"},"_links":{"self":[{"href":"https:\/\/www.schuetzgesellschaft.de\/index.php?rest_route=\/wp\/v2\/pages\/3296","targetHints":{"allow":["GET"]}}],"collection":[{"href":"https:\/\/www.schuetzgesellschaft.de\/index.php?rest_route=\/wp\/v2\/pages"}],"about":[{"href":"https:\/\/www.schuetzgesellschaft.de\/index.php?rest_route=\/wp\/v2\/types\/page"}],"author":[{"embeddable":true,"href":"https:\/\/www.schuetzgesellschaft.de\/index.php?rest_route=\/wp\/v2\/users\/1"}],"replies":[{"embeddable":true,"href":"https:\/\/www.schuetzgesellschaft.de\/index.php?rest_route=%2Fwp%2Fv2%2Fcomments&post=3296"}],"version-history":[{"count":15,"href":"https:\/\/www.schuetzgesellschaft.de\/index.php?rest_route=\/wp\/v2\/pages\/3296\/revisions"}],"predecessor-version":[{"id":3551,"href":"https:\/\/www.schuetzgesellschaft.de\/index.php?rest_route=\/wp\/v2\/pages\/3296\/revisions\/3551"}],"up":[{"embeddable":true,"href":"https:\/\/www.schuetzgesellschaft.de\/index.php?rest_route=\/wp\/v2\/pages\/3293"}],"wp:attachment":[{"href":"https:\/\/www.schuetzgesellschaft.de\/index.php?rest_route=%2Fwp%2Fv2%2Fmedia&parent=3296"}],"curies":[{"name":"wp","href":"https:\/\/api.w.org\/{rel}","templated":true}]}}