{"id":2141,"date":"2022-04-01T13:26:46","date_gmt":"2022-04-01T11:26:46","guid":{"rendered":"https:\/\/www.schuetzgesellschaft.de\/?page_id=2141"},"modified":"2022-08-30T14:47:08","modified_gmt":"2022-08-30T12:47:08","slug":"kartenvorverkauf","status":"publish","type":"page","link":"https:\/\/www.schuetzgesellschaft.de\/?page_id=2141","title":{"rendered":"Kartenvorverkauf"},"content":{"rendered":"\n<p>Eintrittskarten f\u00fcr die Veranstaltungen des 51. Internationalen Heinrich-Sch\u00fctz-Festes sind ab dem <strong>1. September 2022<\/strong> erh\u00e4ltlich<\/p>\n\n\n\n<ul class=\"wp-block-list\"><li><a href=\"https:\/\/kasseler-musiktage.reservix.de\/p\/reservix\/group\/412416\" target=\"_blank\" rel=\"noreferrer noopener\">ONLINE<\/a><\/li><li>per E-Mail an <a href=\"mailto:info@schuetzgesellschaft.de\">info@schuetzgesellschaft.de<\/a><\/li><li>telefonisch unter der Rufnummer <strong>+49 561 316 450<\/strong><\/li><li>sowie \u00fcber s\u00e4mtliche <a href=\"https:\/\/shop.reservix.de\/vorverkaufsstellen\" target=\"_blank\" rel=\"noreferrer noopener\">Reservix-Vorverkaufsstellen<\/a><\/li><\/ul>\n\n\n\n<p><\/p>\n\n\n\n<p><\/p>\n\n\n\n<p><\/p>\n","protected":false},"excerpt":{"rendered":"<p>Eintrittskarten f\u00fcr die Veranstaltungen des 51. Internationalen Heinrich-Sch\u00fctz-Festes sind ab dem 1. September 2022 erh\u00e4ltlich ONLINE per E-Mail an info@schuetzgesellschaft.de telefonisch unter der Rufnummer +49 561 316 450 sowie \u00fcber s\u00e4mtliche Reservix-Vorverkaufsstellen<\/p>\n","protected":false},"author":1,"featured_media":0,"parent":1662,"menu_order":14,"comment_status":"closed","ping_status":"closed","template":"","meta":{"footnotes":""},"class_list":{"0":"post-2141","1":"page","2":"type-page","3":"status-publish","5":"no-featured-image-padding"},"_links":{"self":[{"href":"https:\/\/www.schuetzgesellschaft.de\/index.php?rest_route=\/wp\/v2\/pages\/2141","targetHints":{"allow":["GET"]}}],"collection":[{"href":"https:\/\/www.schuetzgesellschaft.de\/index.php?rest_route=\/wp\/v2\/pages"}],"about":[{"href":"https:\/\/www.schuetzgesellschaft.de\/index.php?rest_route=\/wp\/v2\/types\/page"}],"author":[{"embeddable":true,"href":"https:\/\/www.schuetzgesellschaft.de\/index.php?rest_route=\/wp\/v2\/users\/1"}],"replies":[{"embeddable":true,"href":"https:\/\/www.schuetzgesellschaft.de\/index.php?rest_route=%2Fwp%2Fv2%2Fcomments&post=2141"}],"version-history":[{"count":7,"href":"https:\/\/www.schuetzgesellschaft.de\/index.php?rest_route=\/wp\/v2\/pages\/2141\/revisions"}],"predecessor-version":[{"id":3250,"href":"https:\/\/www.schuetzgesellschaft.de\/index.php?rest_route=\/wp\/v2\/pages\/2141\/revisions\/3250"}],"up":[{"embeddable":true,"href":"https:\/\/www.schuetzgesellschaft.de\/index.php?rest_route=\/wp\/v2\/pages\/1662"}],"wp:attachment":[{"href":"https:\/\/www.schuetzgesellschaft.de\/index.php?rest_route=%2Fwp%2Fv2%2Fmedia&parent=2141"}],"curies":[{"name":"wp","href":"https:\/\/api.w.org\/{rel}","templated":true}]}}