{"id":214,"date":"2019-06-03T11:40:10","date_gmt":"2019-06-03T09:40:10","guid":{"rendered":"https:\/\/www.schuetzgesellschaft.de\/?page_id=214"},"modified":"2024-05-29T12:57:55","modified_gmt":"2024-05-29T10:57:55","slug":"nur-fuer-vereinsmitglieder","status":"publish","type":"page","link":"https:\/\/www.schuetzgesellschaft.de\/?page_id=214","title":{"rendered":"Nur f\u00fcr Vereinsmitglieder"},"content":{"rendered":"\n<p>Dieser Service steht nur registrierten Vereinsmitgliedern zur Verf\u00fcgung.<\/p>\n\n\n\n<p>Sofern Sie noch nicht f\u00fcr die Nutzung unseres internen Mitgliederbereichs angemeldet sind, k\u00f6nnen Sie dies jederzeit \u00fcber nachfolgenden Link nachholen.<\/p>\n\n\n\n<p><\/p>\n\n\n\n<div class=\"wp-block-button aligncenter\"><a class=\"wp-block-button__link has-background\" href=\"https:\/\/www.schuetzgesellschaft.de\/?page_id=368\" style=\"background-color:#e31e2d\">ZUR BENUTZERREGISTRIERUNG<br><\/a><\/div>\n\n\n\n<p><\/p>\n\n\n\n<p>Sofern Sie noch kein Mitglied in unserer Gesellschaft sind, freuen wir uns auf Ihren Mitgliedschaftsantrag. Detaillierte Informationen zur Mitgliedschaft erhalten Sie \u00fcber nachfolgenden Link. <\/p>\n\n\n\n<p><br><\/p>\n\n\n\n<div class=\"wp-block-button aligncenter\"><a class=\"wp-block-button__link has-background\" href=\"https:\/\/www.schuetzgesellschaft.de\/?page_id=166\" style=\"background-color:#e31e2d\">INFORMATIONEN ZUR MITGLIEDSCHAFT<br><\/a><\/div>\n","protected":false},"excerpt":{"rendered":"<p>Dieser Service steht nur registrierten Vereinsmitgliedern zur Verf\u00fcgung. Sofern Sie noch nicht f\u00fcr die Nutzung unseres internen Mitgliederbereichs angemeldet sind, k\u00f6nnen Sie dies jederzeit \u00fcber nachfolgenden Link nachholen. Sofern Sie noch kein Mitglied in unserer Gesellschaft sind, freuen wir uns auf Ihren Mitgliedschaftsantrag. Detaillierte Informationen zur Mitgliedschaft erhalten Sie \u00fcber nachfolgenden Link.<\/p>\n","protected":false},"author":1,"featured_media":0,"parent":0,"menu_order":1,"comment_status":"closed","ping_status":"closed","template":"","meta":{"footnotes":""},"class_list":{"0":"post-214","1":"page","2":"type-page","3":"status-publish","5":"no-featured-image-padding"},"_links":{"self":[{"href":"https:\/\/www.schuetzgesellschaft.de\/index.php?rest_route=\/wp\/v2\/pages\/214","targetHints":{"allow":["GET"]}}],"collection":[{"href":"https:\/\/www.schuetzgesellschaft.de\/index.php?rest_route=\/wp\/v2\/pages"}],"about":[{"href":"https:\/\/www.schuetzgesellschaft.de\/index.php?rest_route=\/wp\/v2\/types\/page"}],"author":[{"embeddable":true,"href":"https:\/\/www.schuetzgesellschaft.de\/index.php?rest_route=\/wp\/v2\/users\/1"}],"replies":[{"embeddable":true,"href":"https:\/\/www.schuetzgesellschaft.de\/index.php?rest_route=%2Fwp%2Fv2%2Fcomments&post=214"}],"version-history":[{"count":3,"href":"https:\/\/www.schuetzgesellschaft.de\/index.php?rest_route=\/wp\/v2\/pages\/214\/revisions"}],"predecessor-version":[{"id":380,"href":"https:\/\/www.schuetzgesellschaft.de\/index.php?rest_route=\/wp\/v2\/pages\/214\/revisions\/380"}],"wp:attachment":[{"href":"https:\/\/www.schuetzgesellschaft.de\/index.php?rest_route=%2Fwp%2Fv2%2Fmedia&parent=214"}],"curies":[{"name":"wp","href":"https:\/\/api.w.org\/{rel}","templated":true}]}}