{"id":2138,"date":"2022-04-01T13:16:39","date_gmt":"2022-04-01T11:16:39","guid":{"rendered":"https:\/\/www.schuetzgesellschaft.de\/?page_id=2138"},"modified":"2022-05-31T13:46:41","modified_gmt":"2022-05-31T11:46:41","slug":"uebernachten-in-kassel","status":"publish","type":"page","link":"https:\/\/www.schuetzgesellschaft.de\/?page_id=2138","title":{"rendered":"\u00dcbernachten in Kassel"},"content":{"rendered":"\n<p>F\u00fcr die Besucher des 51. Internationalen Heinrich-Sch\u00fctz-Festes im Zeitraum 27.10. &#8211; 30.10.2022 haben wir Abrufkontingente in einer Auswahl von Kasseler Hotels reserviert. Diese sind ab sofort abrufbar.<\/p>\n\n\n\n<h5 class=\"wp-block-heading\">Renthof Kassel<\/h5>\n\n\n<div class=\"wp-block-image\">\n<figure class=\"alignright size-medium\"><img loading=\"lazy\" decoding=\"async\" width=\"300\" height=\"200\" src=\"https:\/\/www.schuetzgesellschaft.de\/wp-content\/uploads\/2022\/04\/Renthof_Kassel_c_Florian_Holl-300x200.jpg\" alt=\"\" class=\"wp-image-2143\" srcset=\"https:\/\/www.schuetzgesellschaft.de\/wp-content\/uploads\/2022\/04\/Renthof_Kassel_c_Florian_Holl-300x200.jpg 300w, https:\/\/www.schuetzgesellschaft.de\/wp-content\/uploads\/2022\/04\/Renthof_Kassel_c_Florian_Holl-1024x683.jpg 1024w, https:\/\/www.schuetzgesellschaft.de\/wp-content\/uploads\/2022\/04\/Renthof_Kassel_c_Florian_Holl-768x512.jpg 768w, https:\/\/www.schuetzgesellschaft.de\/wp-content\/uploads\/2022\/04\/Renthof_Kassel_c_Florian_Holl-1536x1024.jpg 1536w, https:\/\/www.schuetzgesellschaft.de\/wp-content\/uploads\/2022\/04\/Renthof_Kassel_c_Florian_Holl-2048x1365.jpg 2048w\" sizes=\"auto, (max-width: 300px) 100vw, 300px\" \/><figcaption>Renthof Kassel \u00a9 Florian Holl<\/figcaption><\/figure>\n<\/div>\n\n\n<p>Seit Juni 2017 beherbergt der historische Renthof Kassel ein modernes Boutiquehotel mit exklusiver Gastronomie, Bar und mehreren individuellen Eventlocations. F\u00fcr die Nutzung wurde das 1298 urspr\u00fcnglich als Karmeliterkloster erbaute Geb\u00e4ude denkmalgerecht und unter erinnernder Bewahrung der Architektur und Geschichte des Hauses komplett saniert. Der Renthof beherbergte die im Jahr 1598 als &#8220;Collegium Mauritianum&#8221; gegr\u00fcndete Kasseler Hofschule, an der Heinrich Sch\u00fctz seine Ausbildung geno\u00df.<\/p>\n\n\n\n<p>Hotel Renthof, Renthof 3, 34117 Kassel, Tel.: +49 561 50668 0, info@renthof-kassel.de, <a rel=\"noreferrer noopener\" href=\"http:\/\/www.renthof-kassel.de\" target=\"_blank\">www.renthof-kassel.de<\/a><\/p>\n\n\n\n<p><\/p>\n\n\n\n<ul class=\"wp-block-list\"><li>Einzelzimmer Superior &#8211; 129,00 \u20ac pro Zimmer und Nacht inkl. 1 Fr\u00fchst\u00fcck<\/li><li>Doppelzimmer Komfort &#8211; 149,00 \u20ac (s.o.)<\/li><li>Doppelzimmer Superior &#8211; 169,00 \u20ac (s.o.)<\/li><li>Juniorsuite &#8211; 169,00 \u20ac (s.o.)<\/li><li>STICHWORT: &#8220;51. Internationales Heinrich-Sch\u00fctz-Fest&#8221;<\/li><\/ul>\n\n\n\n<h5 class=\"wp-block-heading\">Hotel Deutscher Hof<\/h5>\n\n\n<div class=\"wp-block-image\">\n<figure class=\"alignright size-medium is-resized\"><img decoding=\"async\" src=\"https:\/\/www.schuetzgesellschaft.de\/wp-content\/uploads\/2022\/05\/Deutscher_Hof-300x225.jpg\" alt=\"\" class=\"wp-image-3016\" width=\"300\" srcset=\"https:\/\/www.schuetzgesellschaft.de\/wp-content\/uploads\/2022\/05\/Deutscher_Hof-300x225.jpg 300w, https:\/\/www.schuetzgesellschaft.de\/wp-content\/uploads\/2022\/05\/Deutscher_Hof.jpg 430w\" sizes=\"(max-width: 300px) 100vw, 300px\" \/><figcaption>Hotel Deutscher Hof<\/figcaption><\/figure>\n<\/div>\n\n\n<p>Erleben Sie ein in guter Familientradition gef\u00fchrtes drei Sterne Hotel, in erstklassiger Lage, direkt im Herzen Kassels. Unser Haus ist sowohl Ruhepol als auch idealer Ausgangspunkt f\u00fcr Gesch\u00e4ftsreisende, Tagungsg\u00e4ste, Erholungssuchende und unternehmungslustige Besucher Kassels. Hier kann man nach dem reichhaltigen Fr\u00fchst\u00fccksbuffet gest\u00e4rkt in einen erfolgreichen Tag starten. Durch die ideale Innenstadtlage erreichen Sie alle Ziele in Kassel bequem zu Fu\u00df oder mit \u00f6ffentlichen Verkehrsmitteln direkt vor unserer T\u00fcr.<\/p>\n\n\n\n<p>Hotel Deutscher Hof, Lutherstr. 3 &#8211; 5, 34117 Kassel, Tel.: +49 561 9180 0, <a rel=\"noreferrer noopener\" href=\"https:\/\/www.deutscher-hof.de\/\" target=\"_blank\">www.deutscher-hof.de<\/a><\/p>\n\n\n\n<p><\/p>\n\n\n\n<ul class=\"wp-block-list\"><li>Einzelzimmer Comfort &#8211; 79,00 \u20ac pro Zimmer und Nacht inkl. Fr\u00fchst\u00fcck<\/li><li>Doppelzimmer Comfort &#8211; 109,00 \u20ac (s.o.)<\/li><li><a href=\"https:\/\/kassel-convention.de\/kontingente\/51.-internationales-heinrich-schuetz-fest-1241\">ZUR ONLINE-BUCHUNG <\/a><\/li><\/ul>\n\n\n\n<p><\/p>\n\n\n\n<h5 class=\"wp-block-heading\">Hotel Chassalla<\/h5>\n\n\n<div class=\"wp-block-image\">\n<figure class=\"alignright size-medium is-resized\"><img decoding=\"async\" src=\"https:\/\/www.schuetzgesellschaft.de\/wp-content\/uploads\/2022\/05\/Chassalla-300x238.jpg\" alt=\"\" class=\"wp-image-3019\" width=\"300\" srcset=\"https:\/\/www.schuetzgesellschaft.de\/wp-content\/uploads\/2022\/05\/Chassalla-300x238.jpg 300w, https:\/\/www.schuetzgesellschaft.de\/wp-content\/uploads\/2022\/05\/Chassalla.jpg 430w\" sizes=\"(max-width: 300px) 100vw, 300px\" \/><figcaption>Hotel Chassalla<\/figcaption><\/figure>\n<\/div>\n\n\n<p>Das Hotel Chassalla ist ein Familienbetrieb in zentraler, touristisch attraktiver, ruhiger Lage. Alle Erholungspunkte sowie Kongresszentren sind gut erreichbar. Wir bieten Ihnen Rundumservice bei Tagungen, Seminaren bis 50 Personen sowie Feierlichkeiten jeder Art. Gesch\u00e4ftsreisende als auch Gruppen sind bei uns genauso Willkommen, wie Wochenendreisende und Familien. Wir freuen uns auf Ihren Besuch.<\/p>\n\n\n\n<p>Hotel Chassalla, Wilhelmsh\u00f6her Allee 99, 34121 Kassel, Tel.: +49 561 9279 0, <a rel=\"noreferrer noopener\" href=\"http:\/\/wp.hotel-chassalla.de\/\" target=\"_blank\">wp.hotel-chassalla.de<\/a><\/p>\n\n\n\n<p><\/p>\n\n\n\n<p><\/p>\n\n\n\n<p><\/p>\n\n\n\n<ul class=\"wp-block-list\"><li>Einzelzimmer &#8211; 82,00 \u20ac pro Zimmer und Nacht inkl. Fr\u00fchst\u00fcck<\/li><li>Doppelzimmer &#8211; 102,00 \u20ac (s.o.)<\/li><li><a href=\"https:\/\/kassel-convention.de\/kontingente\/51.-internationales-heinrich-schuetz-fest-1241\">ZUR ONLINE-BUCHUNG<\/a><\/li><\/ul>\n\n\n\n<p><\/p>\n\n\n\n<h5 class=\"wp-block-heading\">City Hotel<\/h5>\n\n\n<div class=\"wp-block-image\">\n<figure class=\"alignright size-medium is-resized\"><img decoding=\"async\" src=\"https:\/\/www.schuetzgesellschaft.de\/wp-content\/uploads\/2022\/05\/City_Hotel-300x186.jpg\" alt=\"\" class=\"wp-image-3020\" width=\"300\" srcset=\"https:\/\/www.schuetzgesellschaft.de\/wp-content\/uploads\/2022\/05\/City_Hotel-300x186.jpg 300w, https:\/\/www.schuetzgesellschaft.de\/wp-content\/uploads\/2022\/05\/City_Hotel.jpg 430w\" sizes=\"(max-width: 300px) 100vw, 300px\" \/><figcaption>City Hotel<\/figcaption><\/figure>\n<\/div>\n\n\n<p>Zentral an Kassels historischer Prachtallee auf dem Weg zum Bergpark Wilhelmsh\u00f6he liegt das City Hotel, der ideale Standort f\u00fcr Tagungsg\u00e4ste, Gesch\u00e4ftsreisende, Touristen und Erholungssuchende. Das City Hotel verw\u00f6hnt seine G\u00e4ste mit Lebensstil. Freundliches und zuvorkommendes Personal und nicht zuletzt das City Hotel- Ambiente sorgen daf\u00fcr, dass sich der Gast wohl f\u00fchlt und erholt in den Tag geht.<\/p>\n\n\n\n<p>City Hotel, Wilhelmsh\u00f6her Allee 38-42, 34119 Kassel, Tel.: +49 561 72810, <a rel=\"noreferrer noopener\" href=\"https:\/\/www.city-hotel-kassel.de\/de\/index.php\" target=\"_blank\">www.city-hotel-kassel.de<\/a><\/p>\n\n\n\n<ul class=\"wp-block-list\"><li>Einzelzimmer &#8211; 73,00 \u20ac pro Zimmer und Nacht inkl. Fr\u00fchst\u00fcck<\/li><li>Doppelzimmer &#8211; 111,00 \u20ac (s.o.)<\/li><li><a href=\"https:\/\/kassel-convention.de\/kontingente\/51.-internationales-heinrich-schuetz-fest-1241\" target=\"_blank\" rel=\"noreferrer noopener\">ZUR ONLINE-BUCHUNG<\/a><\/li><\/ul>\n\n\n\n<p><\/p>\n","protected":false},"excerpt":{"rendered":"<p>F\u00fcr die Besucher des 51. Internationalen Heinrich-Sch\u00fctz-Festes im Zeitraum 27.10. &#8211; 30.10.2022 haben wir Abrufkontingente in einer Auswahl von Kasseler Hotels reserviert. Diese sind ab sofort abrufbar. Renthof Kassel Seit Juni 2017 beherbergt der historische Renthof Kassel ein modernes Boutiquehotel mit exklusiver Gastronomie, Bar und mehreren individuellen Eventlocations. F\u00fcr die Nutzung wurde das 1298 urspr\u00fcnglich &#8230; <a title=\"\u00dcbernachten in Kassel\" class=\"read-more\" href=\"https:\/\/www.schuetzgesellschaft.de\/?page_id=2138\" aria-label=\"Mehr Informationen \u00fcber \u00dcbernachten in Kassel\">mehr<\/a><\/p>\n","protected":false},"author":1,"featured_media":0,"parent":1662,"menu_order":10,"comment_status":"closed","ping_status":"closed","template":"","meta":{"footnotes":""},"class_list":{"0":"post-2138","1":"page","2":"type-page","3":"status-publish","5":"no-featured-image-padding"},"_links":{"self":[{"href":"https:\/\/www.schuetzgesellschaft.de\/index.php?rest_route=\/wp\/v2\/pages\/2138","targetHints":{"allow":["GET"]}}],"collection":[{"href":"https:\/\/www.schuetzgesellschaft.de\/index.php?rest_route=\/wp\/v2\/pages"}],"about":[{"href":"https:\/\/www.schuetzgesellschaft.de\/index.php?rest_route=\/wp\/v2\/types\/page"}],"author":[{"embeddable":true,"href":"https:\/\/www.schuetzgesellschaft.de\/index.php?rest_route=\/wp\/v2\/users\/1"}],"replies":[{"embeddable":true,"href":"https:\/\/www.schuetzgesellschaft.de\/index.php?rest_route=%2Fwp%2Fv2%2Fcomments&post=2138"}],"version-history":[{"count":15,"href":"https:\/\/www.schuetzgesellschaft.de\/index.php?rest_route=\/wp\/v2\/pages\/2138\/revisions"}],"predecessor-version":[{"id":3025,"href":"https:\/\/www.schuetzgesellschaft.de\/index.php?rest_route=\/wp\/v2\/pages\/2138\/revisions\/3025"}],"up":[{"embeddable":true,"href":"https:\/\/www.schuetzgesellschaft.de\/index.php?rest_route=\/wp\/v2\/pages\/1662"}],"wp:attachment":[{"href":"https:\/\/www.schuetzgesellschaft.de\/index.php?rest_route=%2Fwp%2Fv2%2Fmedia&parent=2138"}],"curies":[{"name":"wp","href":"https:\/\/api.w.org\/{rel}","templated":true}]}}