{"id":2099,"date":"2022-04-01T10:30:00","date_gmt":"2022-04-01T08:30:00","guid":{"rendered":"https:\/\/www.schuetzgesellschaft.de\/?page_id=2099"},"modified":"2022-05-31T13:39:20","modified_gmt":"2022-05-31T11:39:20","slug":"landgraf-moritz-tag","status":"publish","type":"page","link":"https:\/\/www.schuetzgesellschaft.de\/?page_id=2099","title":{"rendered":"Aktuelle Veranstaltungen"},"content":{"rendered":"\n<p><\/p>\n\n\n\n<h2 class=\"wp-block-heading\">51. INTERNATIONALES HEINRICH-SCH\u00dcTZ-FEST<\/h2>\n\n\n\n<p>Vom <strong>27. bis 30. Oktober 2022<\/strong> werden wir im Rahmen der <a rel=\"noreferrer noopener\" href=\"https:\/\/www.kasseler-musiktage.de\" target=\"_blank\">Kasseler Musiktage<\/a> das 51. Internationale Heinrich-Sch\u00fctz-Fest <em>Heinrich Sch\u00fctz und Kassel \u2013 Geschichte einer Beziehung<\/em> feiern. <\/p>\n\n\n\n<p>Die bet\u00f6renden Ges\u00e4nge, mit denen Heinrich Sch\u00fctz vor rund 400 Jahren seine Zeit und nachfolgende Generationen pr\u00e4gte, erklingen bei mehreren Veranstaltungen w\u00e4hrend der kommenden Kasseler Musiktage, die den in Kassel ausgebildeten Komponisten anl\u00e4sslich seines 350. Todestags in den Mittelpunkt des Festivals r\u00fccken. <\/p>\n\n\n\n<p>Die Berliner Musiktheater-Kompanie <a rel=\"noreferrer noopener\" href=\"https:\/\/navigators.de\/\" target=\"_blank\">Nico and the Navigators<\/a>, die f\u00fcr ihren ebenso eigenwilligen wie sinnstiftenden Zugriff auf tradierte Kompositionen bekannt ist und gern verschiedene \u00e4sthetische Wege begeht, widmet sich in einer Koproduktion mit dem <a rel=\"noreferrer noopener\" href=\"https:\/\/www.staatstheater-kassel.de\/\" target=\"_blank\">Staatstheater Kassel<\/a>, dem <a rel=\"noreferrer noopener\" href=\"http:\/\/www.schuetz-musikfest.de\/\" target=\"_blank\">Heinrich Sch\u00fctz Musikfest<\/a> | <a rel=\"noreferrer noopener\" href=\"http:\/\/www.schuetz22.de\/\" target=\"_blank\">SCH\u00dcTZ22<\/a> und dem <a rel=\"noreferrer noopener\" href=\"https:\/\/theater-altenburg-gera.de\/\" target=\"_blank\">Theater Altenburg Gera <\/a>dem Werk des fr\u00fchbarocken Komponisten. Zudem werden in den ersten Tagen des Festivals herausragende Interpret*innen auf den Spuren dieses einzigartigen Komponisten wandeln, an Orten, die Sch\u00fctz vermutlich selbst mit seiner Musik erf\u00fcllte.<\/p>\n\n\n\n<p>An diesen bekannten, aber auch an neu entstandenen Spielorten sind zahlreiche Konzerte in gewohnten und \u00fcberraschenden Konstellationen zu erleben, gestaltet unter anderen von <a rel=\"noreferrer noopener\" href=\"https:\/\/collegium1704.com\/de\/\" target=\"_blank\">Collegium und Collegium vocale 1704<\/a>, <a rel=\"noreferrer noopener\" href=\"https:\/\/www.johann-rosenmueller-ensemble.de\/\" target=\"_blank\">Johann Rosenm\u00fcller Ensemble<\/a>, <a rel=\"noreferrer noopener\" href=\"https:\/\/www.apollon-musagete.com\/home\/home-de\/?lang=de\" target=\"_blank\">Apollon Musag\u00e8te Quartett<\/a>, <a rel=\"noreferrer noopener\" href=\"https:\/\/www.stegreif-orchester.de\/\" target=\"_blank\">Stegreiforchester<\/a>, <a rel=\"noreferrer noopener\" href=\"https:\/\/www.thepresentensemble.de\/\" target=\"_blank\">The Present<\/a>, <a rel=\"noreferrer noopener\" href=\"https:\/\/www.hr-sinfonieorchester.de\" target=\"_blank\">hr-Sinfonieorchester <\/a>und <a rel=\"noreferrer noopener\" href=\"https:\/\/www.musik-martinskirche.de\/Ensembles\/Heinrich-Schuetz-Ensemble\/Ueber-den-Chor\" target=\"_blank\">Heinrich-Sch\u00fctz-Ensemble<\/a>.<\/p>\n\n\n\n<p>Gehen Sie mit uns auf eine musikalische Entdeckungsreise durch verschiedene Jahrhunderte und unsere Gegenwart! Das ausf\u00fchrliche Programm erscheint im August 2022.<\/p>\n\n\n\n<p>Gern halten wir Sie mit unserem <a href=\"https:\/\/www.schuetzgesellschaft.de\/?page_id=89\">Newsletter <\/a>auf dem Laufenden.<\/p>\n\n\n\n<h3 class=\"wp-block-heading\"><strong>F\u00fcr die Mitglieder unserer Gesellschaft haben wir bereits heute ein Kontingent von Zimmern in ausgew\u00e4hlten Hotels reserviert, welche <a href=\"https:\/\/www.schuetzgesellschaft.de\/?page_id=2138\">hier abgerufen<\/a> werden k\u00f6nnen.<\/strong><\/h3>\n\n\n\n<p><\/p>\n\n\n\n<p class=\"has-base-3-color has-text-color\">.<\/p>\n\n\n\n<h2 class=\"wp-block-heading\">SCH\u00dcTZ22<\/h2>\n\n\n\n<p>Auch unsere Partnerorganisationen, das <a rel=\"noreferrer noopener\" href=\"http:\/\/www.heinrich-schuetz-haus.de\" target=\"_blank\">Heinrich Sch\u00fctz-Haus Bad K\u00f6stritz<\/a>,&nbsp;das <a rel=\"noreferrer noopener\" href=\"https:\/\/schuetzhaus-weissenfels.de\" target=\"_blank\">Heinrich Sch\u00fctz-Haus Wei\u00dfenfels<\/a>&nbsp;und die&nbsp;<a rel=\"noreferrer noopener\" href=\"https:\/\/www.mitteldeutsche-barockmusik.de\" target=\"_blank\">Mitteldeutsche Barockmusik in Sachsen, Sachsen-Anhalt und Th\u00fcringen e.V.<\/a> planen zahlreiche Veranstaltungen, in denen Leben, Werk und Wirken des Heinrich Sch\u00fctz in ihren unterschiedlichsten Facetten beleuchten werden.<\/p>\n\n\n\n<p>Einen umfassenden \u00dcberblick \u00fcber s\u00e4mtliche Aktivit\u00e4ten im Festjahr 2022 bietet der Veranstaltungskalender <a href=\"https:\/\/www.sch\u00fctz22.de\/\" target=\"_blank\" rel=\"noreferrer noopener\">SCH\u00dcTZ22<\/a>.<\/p>\n\n\n\n<p><\/p>\n\n\n\n<p><\/p>\n\n\n\n<p><\/p>\n","protected":false},"excerpt":{"rendered":"<p>51. INTERNATIONALES HEINRICH-SCH\u00dcTZ-FEST Vom 27. bis 30. Oktober 2022 werden wir im Rahmen der Kasseler Musiktage das 51. Internationale Heinrich-Sch\u00fctz-Fest Heinrich Sch\u00fctz und Kassel \u2013 Geschichte einer Beziehung feiern. Die bet\u00f6renden Ges\u00e4nge, mit denen Heinrich Sch\u00fctz vor rund 400 Jahren seine Zeit und nachfolgende Generationen pr\u00e4gte, erklingen bei mehreren Veranstaltungen w\u00e4hrend der kommenden Kasseler Musiktage, &#8230; <a title=\"Aktuelle Veranstaltungen\" class=\"read-more\" href=\"https:\/\/www.schuetzgesellschaft.de\/?page_id=2099\" aria-label=\"Mehr Informationen \u00fcber Aktuelle Veranstaltungen\">mehr<\/a><\/p>\n","protected":false},"author":1,"featured_media":0,"parent":302,"menu_order":3,"comment_status":"closed","ping_status":"closed","template":"","meta":{"footnotes":""},"class_list":{"0":"post-2099","1":"page","2":"type-page","3":"status-publish","5":"no-featured-image-padding"},"_links":{"self":[{"href":"https:\/\/www.schuetzgesellschaft.de\/index.php?rest_route=\/wp\/v2\/pages\/2099","targetHints":{"allow":["GET"]}}],"collection":[{"href":"https:\/\/www.schuetzgesellschaft.de\/index.php?rest_route=\/wp\/v2\/pages"}],"about":[{"href":"https:\/\/www.schuetzgesellschaft.de\/index.php?rest_route=\/wp\/v2\/types\/page"}],"author":[{"embeddable":true,"href":"https:\/\/www.schuetzgesellschaft.de\/index.php?rest_route=\/wp\/v2\/users\/1"}],"replies":[{"embeddable":true,"href":"https:\/\/www.schuetzgesellschaft.de\/index.php?rest_route=%2Fwp%2Fv2%2Fcomments&post=2099"}],"version-history":[{"count":36,"href":"https:\/\/www.schuetzgesellschaft.de\/index.php?rest_route=\/wp\/v2\/pages\/2099\/revisions"}],"predecessor-version":[{"id":3013,"href":"https:\/\/www.schuetzgesellschaft.de\/index.php?rest_route=\/wp\/v2\/pages\/2099\/revisions\/3013"}],"up":[{"embeddable":true,"href":"https:\/\/www.schuetzgesellschaft.de\/index.php?rest_route=\/wp\/v2\/pages\/302"}],"wp:attachment":[{"href":"https:\/\/www.schuetzgesellschaft.de\/index.php?rest_route=%2Fwp%2Fv2%2Fmedia&parent=2099"}],"curies":[{"name":"wp","href":"https:\/\/api.w.org\/{rel}","templated":true}]}}