{"id":197,"date":"2019-05-29T17:16:37","date_gmt":"2019-05-29T15:16:37","guid":{"rendered":"https:\/\/www.schuetzgesellschaft.de\/?page_id=197"},"modified":"2019-05-29T17:16:37","modified_gmt":"2019-05-29T15:16:37","slug":"links","status":"publish","type":"page","link":"https:\/\/www.schuetzgesellschaft.de\/?page_id=197","title":{"rendered":"Links"},"content":{"rendered":"\n<table id=\"tablepress-ISG_5\" class=\"tablepress tablepress-id-ISG_5\">\n<tbody class=\"row-striping row-hover\">\n<tr class=\"row-1\">\n\t<td class=\"column-1\"><a href=\"https:\/\/www.hfmdd.de\/hochschule\/institute-einrichtungen\/institut-fuer-musikwissenschaft\/\"><img loading=\"lazy\" decoding=\"async\" src=\"https:\/\/www.schuetzgesellschaft.de\/wp-content\/uploads\/Logos\/Logos_Sonstige\/Logo_HFMDD.jpg\" alt=\"\" width=\"150\" height=\"70\" class=\"alignleft size-full wp-image-1440\" \/><\/a><\/td><td class=\"column-2\">Heinrich-Sch\u00fctz-Archiv am Institut f\u00fcr Musikwissenschaft der Hochschule f\u00fcr Musik \"Carl Maria von Weber\" in Dresden<\/td>\n<\/tr>\n<tr class=\"row-2\">\n\t<td class=\"column-1\"><a href=\"http:\/\/www.heinrich-schuetz-haus.de\/\"><img loading=\"lazy\" decoding=\"async\" src=\"https:\/\/www.schuetzgesellschaft.de\/wp-content\/uploads\/Logos\/Logos_Sonstige\/Logo_HSHBK.jpg\" alt=\"\" width=\"150\" height=\"70\" class=\"alignleft size-full wp-image-1441\" \/><\/a><\/td><td class=\"column-2\">Heinrich-Sch\u00fctz-Haus Bad K\u00f6stritz<\/td>\n<\/tr>\n<tr class=\"row-3\">\n\t<td class=\"column-1\"><a href=\"http:\/\/schuetzhaus-weissenfels.de\/\"><img loading=\"lazy\" decoding=\"async\" src=\"https:\/\/www.schuetzgesellschaft.de\/wp-content\/uploads\/Logos\/Logos_Sonstige\/Logo_HSHW.jpg\" alt=\"\" width=\"150\" height=\"70\" class=\"alignleft size-thumbnail wp-image-1442\" \/><\/a><\/td><td class=\"column-2\">Heinrich-Sch\u00fctz-Haus Wei\u00dfenfels<\/td>\n<\/tr>\n<tr class=\"row-4\">\n\t<td class=\"column-1\"><a href=\"https:\/\/www.heinrich-schuetz.eu\"><img loading=\"lazy\" decoding=\"async\" src=\"https:\/\/www.schuetzgesellschaft.de\/wp-content\/uploads\/Logos\/Logos_Sonstige\/Logo_HSID.jpg\" alt=\"\" width=\"150\" height=\"70\" class=\"alignleft size-full wp-image-1447\" \/><\/a><\/td><td class=\"column-2\">Heinrich Sch\u00fctz in Dresden e.V.<\/td>\n<\/tr>\n<tr class=\"row-5\">\n\t<td class=\"column-1\"><a href=\"http:\/\/www.schuetz-musikfest.de\/\"><img loading=\"lazy\" decoding=\"async\" src=\"https:\/\/www.schuetzgesellschaft.de\/wp-content\/uploads\/Logos\/Logos_Sonstige\/Logo_HSM.jpg\" alt=\"\" width=\"150\" height=\"70\" class=\"alignleft size-full wp-image-1467\" \/><\/a><\/td><td class=\"column-2\">Heinrich Sch\u00fctz Musikfest<\/td>\n<\/tr>\n<tr class=\"row-6\">\n\t<td class=\"column-1\"><a href=\"http:\/\/www.michael-praetorius.de\/\"><img loading=\"lazy\" decoding=\"async\" src=\"https:\/\/www.schuetzgesellschaft.de\/wp-content\/uploads\/Logos\/Logos_Sonstige\/Logo_MP.jpg\" alt=\"\" width=\"150\" height=\"70\" class=\"alignleft size-full wp-image-1479\" \/><\/a><\/td><td class=\"column-2\">Michael-Praetorius-Gesellschaft e. V. Creuzburg<\/td>\n<\/tr>\n<tr class=\"row-7\">\n\t<td class=\"column-1\"><a href=\"http:\/\/www.mitteldeutsche-barockmusik.de\/\"><img loading=\"lazy\" decoding=\"async\" src=\"https:\/\/www.schuetzgesellschaft.de\/wp-content\/uploads\/Logos\/Logos_Sonstige\/Logo_MBM.jpg\" alt=\"\" width=\"150\" height=\"70\" class=\"alignleft size-full wp-image-1483\" \/><\/a><\/td><td class=\"column-2\">Mitteldeutsche Barockmusik<br \/>\nin Sachsen, Sachsen-Anhalt und Th\u00fcringen e.V.<\/td>\n<\/tr>\n<tr class=\"row-8\">\n\t<td class=\"column-1\"><a href=\"https:\/\/sscm-sscm.org\/\"><img loading=\"lazy\" decoding=\"async\" src=\"https:\/\/www.schuetzgesellschaft.de\/wp-content\/uploads\/Logos\/Logos_Sonstige\/Logo_SSCM.jpg\" alt=\"\" width=\"150\" height=\"70\" class=\"alignleft size-full wp-image-1494\" \/><\/a><\/td><td class=\"column-2\">Society for Seventeenth-Century Music<\/td>\n<\/tr>\n<tr class=\"row-9\">\n\t<td class=\"column-1\"><a href=\"https:\/\/sscm-jscm.org\/\"><img loading=\"lazy\" decoding=\"async\" src=\"https:\/\/www.schuetzgesellschaft.de\/wp-content\/uploads\/Logos\/Logos_Sonstige\/Logo_JSCM.jpg\" alt=\"\" width=\"150\" height=\"70\" class=\"alignleft size-full wp-image-1500\" \/><\/a><\/td><td class=\"column-2\">The Journal of Seventeenth-Century Music (JSCM)<\/td>\n<\/tr>\n<tr class=\"row-10\">\n\t<td class=\"column-1\"><a href=\"https:\/\/sscm-jscm.org\/instrumenta\/about-jscm-instrumenta\/\"><img loading=\"lazy\" decoding=\"async\" src=\"https:\/\/www.schuetzgesellschaft.de\/wp-content\/uploads\/Logos\/Logos_Sonstige\/Logo_JSCM_Instrumenta.jpg\" alt=\"\" width=\"150\" height=\"70\" class=\"alignleft size-full wp-image-1502\" \/><\/a><\/td><td class=\"column-2\">The Journal of Seventeenth-Century Music - JSCM-Instrumenta<\/td>\n<\/tr>\n<tr class=\"row-11\">\n\t<td class=\"column-1\"><a href=\"http:\/\/www.sscm-wlscm.org\/\"><img loading=\"lazy\" decoding=\"async\" src=\"https:\/\/www.schuetzgesellschaft.de\/wp-content\/uploads\/Logos\/Logos_Sonstige\/Logo_WLSCM.jpg\" alt=\"\" width=\"150\" height=\"70\" class=\"alignleft size-full wp-image-1504\" \/><\/a><\/td><td class=\"column-2\">Web Library of Seventeenth-Century Music (WLSCM)<\/td>\n<\/tr>\n<tr class=\"row-12\">\n\t<td class=\"column-1\"><a href=\"http:\/\/www.svenskaschuetz.se\/\"><img loading=\"lazy\" decoding=\"async\" src=\"https:\/\/www.schuetzgesellschaft.de\/wp-content\/uploads\/Logos\/Logos_Sonstige\/Logo_SSS.jpg\" alt=\"\" width=\"150\" height=\"70\" class=\"alignleft size-full wp-image-1506\" \/><\/a><\/td><td class=\"column-2\">Svenska Sch\u00fctz-s\u00e4llskap<\/td>\n<\/tr>\n<\/tbody>\n<\/table>\n<!-- #tablepress-ISG_5 from cache -->\n","protected":false},"excerpt":{"rendered":"","protected":false},"author":1,"featured_media":0,"parent":0,"menu_order":1,"comment_status":"closed","ping_status":"closed","template":"","meta":{"footnotes":""},"class_list":{"0":"post-197","1":"page","2":"type-page","3":"status-publish","5":"no-featured-image-padding"},"_links":{"self":[{"href":"https:\/\/www.schuetzgesellschaft.de\/index.php?rest_route=\/wp\/v2\/pages\/197","targetHints":{"allow":["GET"]}}],"collection":[{"href":"https:\/\/www.schuetzgesellschaft.de\/index.php?rest_route=\/wp\/v2\/pages"}],"about":[{"href":"https:\/\/www.schuetzgesellschaft.de\/index.php?rest_route=\/wp\/v2\/types\/page"}],"author":[{"embeddable":true,"href":"https:\/\/www.schuetzgesellschaft.de\/index.php?rest_route=\/wp\/v2\/users\/1"}],"replies":[{"embeddable":true,"href":"https:\/\/www.schuetzgesellschaft.de\/index.php?rest_route=%2Fwp%2Fv2%2Fcomments&post=197"}],"version-history":[{"count":1,"href":"https:\/\/www.schuetzgesellschaft.de\/index.php?rest_route=\/wp\/v2\/pages\/197\/revisions"}],"predecessor-version":[{"id":198,"href":"https:\/\/www.schuetzgesellschaft.de\/index.php?rest_route=\/wp\/v2\/pages\/197\/revisions\/198"}],"wp:attachment":[{"href":"https:\/\/www.schuetzgesellschaft.de\/index.php?rest_route=%2Fwp%2Fv2%2Fmedia&parent=197"}],"curies":[{"name":"wp","href":"https:\/\/api.w.org\/{rel}","templated":true}]}}