{"id":179,"date":"2019-05-29T17:03:02","date_gmt":"2019-05-29T15:03:02","guid":{"rendered":"https:\/\/www.schuetzgesellschaft.de\/?page_id=179"},"modified":"2019-06-05T11:28:01","modified_gmt":"2019-06-05T09:28:01","slug":"heinrich-schuetz-1585-1672","status":"publish","type":"page","link":"https:\/\/www.schuetzgesellschaft.de\/?page_id=179","title":{"rendered":"Heinrich Sch\u00fctz"},"content":{"rendered":"\n<h2 class=\"wp-block-heading\">Heinrich Sch\u00fctz (1585-1672)<\/h2>\n\n\n\n<div class=\"wp-block-image\"><figure class=\"alignright is-resized\"><img loading=\"lazy\" decoding=\"async\" src=\"https:\/\/www.schuetzgesellschaft.de\/wp-content\/uploads\/Fotos\/HSStich.jpg\" alt=\"\" class=\"wp-image-181\" width=\"225\" height=\"367\" srcset=\"https:\/\/www.schuetzgesellschaft.de\/wp-content\/uploads\/Fotos\/HSStich.jpg 300w, https:\/\/www.schuetzgesellschaft.de\/wp-content\/uploads\/Fotos\/HSStich-184x300.jpg 184w\" sizes=\"auto, (max-width: 225px) 100vw, 225px\" \/><\/figure><\/div>\n\n\n\n<p style=\"font-size:-6px\">Heinrich Sch\u00fctz gilt unbestritten als der gr\u00f6\u00dfte deutsche Komponist des  17. Jahrhunderts. Seine erhaltenen Kompositionen umfassen ausschlie\u00dflich  Vokalwerke, h\u00e4ufig mit zus\u00e4tzlichen instrumentalen Besetzungen. Sch\u00fctz  schrieb St\u00fccke im Stil der \u00e4lteren polyphonen Motette ebenso wie Werke  im neuen konzertierenden Stil mit obligatem Generalbass.<\/p>\n\n\n\n<p>Schon  seine Zeitgenossen priesen ihn als &#8220;Orpheus unserer Zeit&#8221; (Martin  Opitz), und auf seinem Grabstein in der alten Dresdner Frauenkirche  wurde er als &#8220;Seculi sui Musicus excellentissimus&#8221; (bedeutendster  Musiker seines Jahrhunderts) ger\u00fchmt.<br><\/p>\n\n\n\n<p>Die Aussagekraft seiner  weitgehend aus dem Geist und dem Rhythmus biblischer Prosa geborenen  Musik ist in der Gegenwart von immer mehr Menschen, gleich welcher  Nationalit\u00e4t und welchen religi\u00f6sen Bekenntnisses wieder entdeckt  worden. Diesen Prozess m\u00f6chte die Internationale Heinrich  Sch\u00fctz-Gesellschaft f\u00f6rdern und vertiefen. <\/p>\n","protected":false},"excerpt":{"rendered":"<p>Heinrich Sch\u00fctz (1585-1672) Heinrich Sch\u00fctz gilt unbestritten als der gr\u00f6\u00dfte deutsche Komponist des 17. Jahrhunderts. Seine erhaltenen Kompositionen umfassen ausschlie\u00dflich Vokalwerke, h\u00e4ufig mit zus\u00e4tzlichen instrumentalen Besetzungen. Sch\u00fctz schrieb St\u00fccke im Stil der \u00e4lteren polyphonen Motette ebenso wie Werke im neuen konzertierenden Stil mit obligatem Generalbass. Schon seine Zeitgenossen priesen ihn als &#8220;Orpheus unserer Zeit&#8221; (Martin &#8230; <a title=\"Heinrich Sch\u00fctz\" class=\"read-more\" href=\"https:\/\/www.schuetzgesellschaft.de\/?page_id=179\" aria-label=\"Mehr Informationen \u00fcber Heinrich Sch\u00fctz\">mehr<\/a><\/p>\n","protected":false},"author":1,"featured_media":0,"parent":0,"menu_order":23,"comment_status":"closed","ping_status":"closed","template":"","meta":{"footnotes":""},"class_list":{"0":"post-179","1":"page","2":"type-page","3":"status-publish","5":"no-featured-image-padding"},"_links":{"self":[{"href":"https:\/\/www.schuetzgesellschaft.de\/index.php?rest_route=\/wp\/v2\/pages\/179","targetHints":{"allow":["GET"]}}],"collection":[{"href":"https:\/\/www.schuetzgesellschaft.de\/index.php?rest_route=\/wp\/v2\/pages"}],"about":[{"href":"https:\/\/www.schuetzgesellschaft.de\/index.php?rest_route=\/wp\/v2\/types\/page"}],"author":[{"embeddable":true,"href":"https:\/\/www.schuetzgesellschaft.de\/index.php?rest_route=\/wp\/v2\/users\/1"}],"replies":[{"embeddable":true,"href":"https:\/\/www.schuetzgesellschaft.de\/index.php?rest_route=%2Fwp%2Fv2%2Fcomments&post=179"}],"version-history":[{"count":3,"href":"https:\/\/www.schuetzgesellschaft.de\/index.php?rest_route=\/wp\/v2\/pages\/179\/revisions"}],"predecessor-version":[{"id":693,"href":"https:\/\/www.schuetzgesellschaft.de\/index.php?rest_route=\/wp\/v2\/pages\/179\/revisions\/693"}],"wp:attachment":[{"href":"https:\/\/www.schuetzgesellschaft.de\/index.php?rest_route=%2Fwp%2Fv2%2Fmedia&parent=179"}],"curies":[{"name":"wp","href":"https:\/\/api.w.org\/{rel}","templated":true}]}}