{"id":150,"date":"2019-05-29T16:32:35","date_gmt":"2019-05-29T14:32:35","guid":{"rendered":"https:\/\/www.schuetzgesellschaft.de\/?page_id=150"},"modified":"2019-05-29T16:34:40","modified_gmt":"2019-05-29T14:34:40","slug":"werke-von-leonhard-lechner","status":"publish","type":"page","link":"https:\/\/www.schuetzgesellschaft.de\/?page_id=150","title":{"rendered":"Werke von Leonhard Lechner"},"content":{"rendered":"\n<div class=\"wp-block-image\"><figure class=\"alignright\"><img loading=\"lazy\" decoding=\"async\" width=\"160\" height=\"277\" src=\"https:\/\/www.schuetzgesellschaft.de\/wp-content\/uploads\/Fotos\/Lechner.gif\" alt=\"\" class=\"wp-image-24\"\/><figcaption>Werke von Leonhard Lechner<\/figcaption><\/figure><\/div>\n\n\n\n<p><em>Herausgegeben von Konrad Ameln im Auftrag der Internationalen Heinrich-Sch\u00fctz-Gesellschaft. <\/em><\/p>\n\n\n\n<p>Mit der kritischen Ausgabe der <strong>Werke von Leonhard Lechner<\/strong>  werden zum ersten Mal alle erhaltenen Kompositionen dieses bedeutenden deutschen Komponisten vor Heinrich Sch\u00fctz zug\u00e4nglich gemacht. Um den  Notentext unmittelbar auch praktisch nutzen zu k\u00f6nnen, wird er in modernen Schl\u00fcsseln, verk\u00fcrzten Werten und im heute \u00fcblichen Partiturbild, jedoch unter Verwendung von Mensur- statt Taktstrichen  geboten. <\/p>\n\n\n\n<p>Jeder Band enth\u00e4lt ein Begleitwort des Herausgebers \n\u00fcber die musikgeschichtliche Bedeutung und Zuordnung der Werke, ferner \ncharakteristische, in Faksimile wiedergegebene Beispiele aus dem \nQuellenmaterial sowie einen Kritischen Bericht.\n<\/p>\n\n\n\n<p>Die Ausgabe ist abgeschlossen. \n<\/p>\n\n\n\n<p>Eine \u00dcbersicht \u00fcber die erschienenen B\u00e4nde finden Sie <a href=\"https:\/\/www.baerenreiter.com\/programm\/gesamt-und-werkausgaben\/lechner-leonhard\/banduebersicht\/\" target=\"_blank\" rel=\"noreferrer noopener\">hier<\/a>.<\/p>\n","protected":false},"excerpt":{"rendered":"<p>Herausgegeben von Konrad Ameln im Auftrag der Internationalen Heinrich-Sch\u00fctz-Gesellschaft. Mit der kritischen Ausgabe der Werke von Leonhard Lechner werden zum ersten Mal alle erhaltenen Kompositionen dieses bedeutenden deutschen Komponisten vor Heinrich Sch\u00fctz zug\u00e4nglich gemacht. Um den Notentext unmittelbar auch praktisch nutzen zu k\u00f6nnen, wird er in modernen Schl\u00fcsseln, verk\u00fcrzten Werten und im heute \u00fcblichen Partiturbild, &#8230; <a title=\"Werke von Leonhard Lechner\" class=\"read-more\" href=\"https:\/\/www.schuetzgesellschaft.de\/?page_id=150\" aria-label=\"Mehr Informationen \u00fcber Werke von Leonhard Lechner\">mehr<\/a><\/p>\n","protected":false},"author":1,"featured_media":0,"parent":144,"menu_order":29,"comment_status":"closed","ping_status":"closed","template":"","meta":{"footnotes":""},"class_list":{"0":"post-150","1":"page","2":"type-page","3":"status-publish","5":"no-featured-image-padding"},"_links":{"self":[{"href":"https:\/\/www.schuetzgesellschaft.de\/index.php?rest_route=\/wp\/v2\/pages\/150","targetHints":{"allow":["GET"]}}],"collection":[{"href":"https:\/\/www.schuetzgesellschaft.de\/index.php?rest_route=\/wp\/v2\/pages"}],"about":[{"href":"https:\/\/www.schuetzgesellschaft.de\/index.php?rest_route=\/wp\/v2\/types\/page"}],"author":[{"embeddable":true,"href":"https:\/\/www.schuetzgesellschaft.de\/index.php?rest_route=\/wp\/v2\/users\/1"}],"replies":[{"embeddable":true,"href":"https:\/\/www.schuetzgesellschaft.de\/index.php?rest_route=%2Fwp%2Fv2%2Fcomments&post=150"}],"version-history":[{"count":2,"href":"https:\/\/www.schuetzgesellschaft.de\/index.php?rest_route=\/wp\/v2\/pages\/150\/revisions"}],"predecessor-version":[{"id":153,"href":"https:\/\/www.schuetzgesellschaft.de\/index.php?rest_route=\/wp\/v2\/pages\/150\/revisions\/153"}],"up":[{"embeddable":true,"href":"https:\/\/www.schuetzgesellschaft.de\/index.php?rest_route=\/wp\/v2\/pages\/144"}],"wp:attachment":[{"href":"https:\/\/www.schuetzgesellschaft.de\/index.php?rest_route=%2Fwp%2Fv2%2Fmedia&parent=150"}],"curies":[{"name":"wp","href":"https:\/\/api.w.org\/{rel}","templated":true}]}}