{"id":149,"date":"2019-05-29T16:32:35","date_gmt":"2019-05-29T14:32:35","guid":{"rendered":"https:\/\/www.schuetzgesellschaft.de\/?page_id=149"},"modified":"2025-10-13T12:09:36","modified_gmt":"2025-10-13T10:09:36","slug":"die-neue-schuetz-ausgabe","status":"publish","type":"page","link":"https:\/\/www.schuetzgesellschaft.de\/?page_id=149","title":{"rendered":"Die Neue Sch\u00fctz-Ausgabe"},"content":{"rendered":"<div class=\"wp-block-image\">\n<figure class=\"alignright is-resized\"><img loading=\"lazy\" decoding=\"async\" width=\"300\" height=\"495\" src=\"https:\/\/www.schuetzgesellschaft.de\/wp-content\/uploads\/Fotos\/Neue_Schuetz_Ausgabe_300px.jpg\" alt=\"\" class=\"wp-image-23\" style=\"width:150px;height:248px\" srcset=\"https:\/\/www.schuetzgesellschaft.de\/wp-content\/uploads\/Fotos\/Neue_Schuetz_Ausgabe_300px.jpg 300w, https:\/\/www.schuetzgesellschaft.de\/wp-content\/uploads\/Fotos\/Neue_Schuetz_Ausgabe_300px-182x300.jpg 182w\" sizes=\"auto, (max-width: 300px) 100vw, 300px\" \/><figcaption class=\"wp-element-caption\">Die Neue Sch\u00fctz-Ausgabe<\/figcaption><\/figure>\n<\/div>\n\n\n<p><em>Herausgegeben im Auftrag der Internationalen Heinrich-Sch\u00fctz-Gesellschaft <\/em><\/p>\n\n\n\n<p>Die <strong>Neue Sch\u00fctz-Ausgabe<\/strong> ist eine \nquellenkritische Ausgabe f\u00fcr den praktischen Gebrauch und bietet unter \nBeachtung wissenschaftlicher Editionsgrunds\u00e4tze den Notentext in \nmoderner Schl\u00fcsselung und Notation. Sie umfasst s\u00e4mtliche \u00fcberlieferten \nWerke von Heinrich Sch\u00fctz. Die Reihenfolge der Werke innerhalb der B\u00e4nde\n und Werkgruppen lehnt sich weitgehend an die Ordnungsprinzipien des \nSch\u00fctz-Werke-Verzeichnisses (SWV) an, dessen Z\u00e4hlung durchgehend \n\u00fcbernommen wird.\n<\/p>\n\n\n\n<p>Jeder Band enth\u00e4lt ein ausf\u00fchrliches Vorwort des \nHerausgebers (deutsch\/englisch), Faksimilewiedergaben aus den zur \nEdition herangezogenen Vorlagen sowie einen Kritischen Bericht\n<\/p>\n\n\n\n<p>Eine \u00dcbersicht \u00fcber bislang erschienen B\u00e4nde finden Sie <a href=\"https:\/\/emag.baerenreiter.com\/schuetz-heinrich\/\" target=\"_blank\" rel=\"noreferrer noopener\">hier<\/a>.<\/p>\n","protected":false},"excerpt":{"rendered":"<p>Herausgegeben im Auftrag der Internationalen Heinrich-Sch\u00fctz-Gesellschaft Die Neue Sch\u00fctz-Ausgabe ist eine quellenkritische Ausgabe f\u00fcr den praktischen Gebrauch und bietet unter Beachtung wissenschaftlicher Editionsgrunds\u00e4tze den Notentext in moderner Schl\u00fcsselung und Notation. Sie umfasst s\u00e4mtliche \u00fcberlieferten Werke von Heinrich Sch\u00fctz. Die Reihenfolge der Werke innerhalb der B\u00e4nde und Werkgruppen lehnt sich weitgehend an die Ordnungsprinzipien des Sch\u00fctz-Werke-Verzeichnisses &#8230; <a title=\"Die Neue Sch\u00fctz-Ausgabe\" class=\"read-more\" href=\"https:\/\/www.schuetzgesellschaft.de\/?page_id=149\" aria-label=\"Mehr Informationen \u00fcber Die Neue Sch\u00fctz-Ausgabe\">mehr<\/a><\/p>\n","protected":false},"author":1,"featured_media":0,"parent":144,"menu_order":27,"comment_status":"closed","ping_status":"closed","template":"","meta":{"footnotes":""},"class_list":{"0":"post-149","1":"page","2":"type-page","3":"status-publish","5":"no-featured-image-padding"},"_links":{"self":[{"href":"https:\/\/www.schuetzgesellschaft.de\/index.php?rest_route=\/wp\/v2\/pages\/149","targetHints":{"allow":["GET"]}}],"collection":[{"href":"https:\/\/www.schuetzgesellschaft.de\/index.php?rest_route=\/wp\/v2\/pages"}],"about":[{"href":"https:\/\/www.schuetzgesellschaft.de\/index.php?rest_route=\/wp\/v2\/types\/page"}],"author":[{"embeddable":true,"href":"https:\/\/www.schuetzgesellschaft.de\/index.php?rest_route=\/wp\/v2\/users\/1"}],"replies":[{"embeddable":true,"href":"https:\/\/www.schuetzgesellschaft.de\/index.php?rest_route=%2Fwp%2Fv2%2Fcomments&post=149"}],"version-history":[{"count":2,"href":"https:\/\/www.schuetzgesellschaft.de\/index.php?rest_route=\/wp\/v2\/pages\/149\/revisions"}],"predecessor-version":[{"id":4788,"href":"https:\/\/www.schuetzgesellschaft.de\/index.php?rest_route=\/wp\/v2\/pages\/149\/revisions\/4788"}],"up":[{"embeddable":true,"href":"https:\/\/www.schuetzgesellschaft.de\/index.php?rest_route=\/wp\/v2\/pages\/144"}],"wp:attachment":[{"href":"https:\/\/www.schuetzgesellschaft.de\/index.php?rest_route=%2Fwp%2Fv2%2Fmedia&parent=149"}],"curies":[{"name":"wp","href":"https:\/\/api.w.org\/{rel}","templated":true}]}}