{"id":148,"date":"2019-05-29T16:32:35","date_gmt":"2019-05-29T14:32:35","guid":{"rendered":"https:\/\/www.schuetzgesellschaft.de\/?page_id=148"},"modified":"2019-05-29T16:35:24","modified_gmt":"2019-05-29T14:35:24","slug":"die-neue-schein-ausgabe","status":"publish","type":"page","link":"https:\/\/www.schuetzgesellschaft.de\/?page_id=148","title":{"rendered":"Die Neue Schein-Ausgabe"},"content":{"rendered":"\n<div class=\"wp-block-image\"><figure class=\"alignright\"><img loading=\"lazy\" decoding=\"async\" width=\"160\" height=\"255\" src=\"https:\/\/www.schuetzgesellschaft.de\/wp-content\/uploads\/Fotos\/Schein.gif\" alt=\"\" class=\"wp-image-21\"\/><figcaption>Die Neue Schein-Ausgabe<\/figcaption><\/figure><\/div>\n\n\n\n<p><em>Im Auftrag der Internationalen Heinrich-Sch\u00fctz-Gesellschaft herausgegeben von Adam Adrio, fortgef\u00fchrt von Arno Forchert.<\/em><\/p>\n\n\n\n<p>Die<strong> Neue Schein-Ausgabe<\/strong> stellt das \n\u00fcberlieferte Werk des Leipziger Thomaskantors der Forschung und der \nmusikalischen Praxis nach modernen Editionsprinzipien zur Verf\u00fcgung. Die\n B\u00e4nde gliedern sich, beginnend mit den Vokalwerken, im wesentlichen \nnach den originalen Drucken. Der quellenkritisch erarbeitete Notentext \nerscheint in moderner Notation, in heute gel\u00e4ufigen Schl\u00fcsseln und unter\n Verwendung von Taktstrichen.\n<\/p>\n\n\n\n<p>Jeder Band enth\u00e4lt ein Vorwort, das in das Werk \neinf\u00fchrt und \u00fcber Quellen und Fragen der Auff\u00fchrungspraxis informiert, \nFaksimiles aus dem Quellenbestand sowie den Kritischen Bericht.\n<\/p>\n\n\n\n<p>Die Ausgabe ist abgeschlossen und umfasst 10 B\u00e4nde. Eine \u00dcbersicht \u00fcber die erschienen B\u00e4nde finden Sie <a href=\"https:\/\/www.baerenreiter.com\/programm\/gesamt-und-werkausgaben\/schein-johann-hermann\/banduebersicht\/\" target=\"_blank\" rel=\"noreferrer noopener\">hier<\/a>.<\/p>\n","protected":false},"excerpt":{"rendered":"<p>Im Auftrag der Internationalen Heinrich-Sch\u00fctz-Gesellschaft herausgegeben von Adam Adrio, fortgef\u00fchrt von Arno Forchert. Die Neue Schein-Ausgabe stellt das \u00fcberlieferte Werk des Leipziger Thomaskantors der Forschung und der musikalischen Praxis nach modernen Editionsprinzipien zur Verf\u00fcgung. Die B\u00e4nde gliedern sich, beginnend mit den Vokalwerken, im wesentlichen nach den originalen Drucken. Der quellenkritisch erarbeitete Notentext erscheint in moderner &#8230; <a title=\"Die Neue Schein-Ausgabe\" class=\"read-more\" href=\"https:\/\/www.schuetzgesellschaft.de\/?page_id=148\" aria-label=\"Mehr Informationen \u00fcber Die Neue Schein-Ausgabe\">mehr<\/a><\/p>\n","protected":false},"author":1,"featured_media":0,"parent":144,"menu_order":23,"comment_status":"closed","ping_status":"closed","template":"","meta":{"footnotes":""},"class_list":{"0":"post-148","1":"page","2":"type-page","3":"status-publish","5":"no-featured-image-padding"},"_links":{"self":[{"href":"https:\/\/www.schuetzgesellschaft.de\/index.php?rest_route=\/wp\/v2\/pages\/148","targetHints":{"allow":["GET"]}}],"collection":[{"href":"https:\/\/www.schuetzgesellschaft.de\/index.php?rest_route=\/wp\/v2\/pages"}],"about":[{"href":"https:\/\/www.schuetzgesellschaft.de\/index.php?rest_route=\/wp\/v2\/types\/page"}],"author":[{"embeddable":true,"href":"https:\/\/www.schuetzgesellschaft.de\/index.php?rest_route=\/wp\/v2\/users\/1"}],"replies":[{"embeddable":true,"href":"https:\/\/www.schuetzgesellschaft.de\/index.php?rest_route=%2Fwp%2Fv2%2Fcomments&post=148"}],"version-history":[{"count":1,"href":"https:\/\/www.schuetzgesellschaft.de\/index.php?rest_route=\/wp\/v2\/pages\/148\/revisions"}],"predecessor-version":[{"id":154,"href":"https:\/\/www.schuetzgesellschaft.de\/index.php?rest_route=\/wp\/v2\/pages\/148\/revisions\/154"}],"up":[{"embeddable":true,"href":"https:\/\/www.schuetzgesellschaft.de\/index.php?rest_route=\/wp\/v2\/pages\/144"}],"wp:attachment":[{"href":"https:\/\/www.schuetzgesellschaft.de\/index.php?rest_route=%2Fwp%2Fv2%2Fmedia&parent=148"}],"curies":[{"name":"wp","href":"https:\/\/api.w.org\/{rel}","templated":true}]}}