{"id":147,"date":"2019-05-29T16:32:35","date_gmt":"2019-05-29T14:32:35","guid":{"rendered":"https:\/\/www.schuetzgesellschaft.de\/?page_id=147"},"modified":"2025-12-04T14:28:56","modified_gmt":"2025-12-04T13:28:56","slug":"das-schuetz-jahrbuch","status":"publish","type":"page","link":"https:\/\/www.schuetzgesellschaft.de\/?page_id=147","title":{"rendered":"Das Sch\u00fctz-Jahrbuch"},"content":{"rendered":"<div class=\"wp-block-image\">\n<figure class=\"alignright size-full is-resized\"><img loading=\"lazy\" decoding=\"async\" width=\"300\" height=\"474\" src=\"https:\/\/www.schuetzgesellschaft.de\/wp-content\/uploads\/2025\/03\/SJB_300px.jpg\" alt=\"\" class=\"wp-image-4264\" style=\"width:150px;height:215px\" srcset=\"https:\/\/www.schuetzgesellschaft.de\/wp-content\/uploads\/2025\/03\/SJB_300px.jpg 300w, https:\/\/www.schuetzgesellschaft.de\/wp-content\/uploads\/2025\/03\/SJB_300px-190x300.jpg 190w\" sizes=\"auto, (max-width: 300px) 100vw, 300px\" \/><figcaption class=\"wp-element-caption\">Das Sch\u00fctz-Jahrbuch<\/figcaption><\/figure>\n<\/div>\n\n\n<p>Seit 1979 erscheint  das <strong>Sch\u00fctz-Jahrbuch<\/strong> j\u00e4hrlich als zentrales Publikationsorgan f\u00fcr wissenschaftliche Beitr\u00e4ge zu Heinrich Sch\u00fctz und seinem Umfeld,  darunter die Referate und Vortr\u00e4ge der Internationalen Heinrich-Sch\u00fctz-Feste der ISG. <\/p>\n\n\n\n<p>Das Sch\u00fctz-Jahrbuch ist zum Preis von 39,95 \u20ac im Buchhandel erh\u00e4ltlich (ISSN 0174-2345). Die Mitglieder der ISG erhalten das Jahrbuch als kostenfrei als Mitgliedsgabe.<\/p>\n\n\n\n<p>Mit einer Embargofrist von f\u00fcnf Jahren sind die bislang erschienen Ausgaben des Sch\u00fctz-Jahrbuchs auch \u00fcber das <a aria-label=\"Online-Portal der SLUB (\u00f6ffnet in neuem Tab)\" href=\"https:\/\/oa.slub-dresden.de\/ejournals\/sjb\/index\" target=\"_blank\" rel=\"noreferrer noopener\">Online-<\/a><a href=\"https:\/\/sjb.publia.org\/sjb\/index\" target=\"_blank\" rel=\"noreferrer noopener\">Portal der SLUB<\/a> (S\u00e4chsische Landesbibliothek &#8211; Staats- und Universit\u00e4tsbibliothek Dresden) frei zug\u00e4nglich.<\/p>\n\n\n\n<p><em>Herausgeber<\/em>: <br>1979 &#8211; 1996 Werner Breig | 1997 &#8211; 2014 Walter Werbeck in Verbindung mit Werner Breig, Friedhelm Krummacher und Eva Linfield | 2015 &#8211; 2021 J\u00fcrgen Heidrich in Verbindung mit Werner Breig, Konrad K\u00fcster und Walter Werbeck | 2022 Michael Meyer und Walter Werbeck in Verbindung mit Werner Breig, J\u00fcrgen Heidrich und Konrad K\u00fcster | 2023 &#8211; Michael Meyer in Verbindung mit Werner Breig, J\u00fcrgen Heidrich, Konrad K\u00fcster und Walter Werbeck<\/p>\n","protected":false},"excerpt":{"rendered":"<p>Seit 1979 erscheint das Sch\u00fctz-Jahrbuch j\u00e4hrlich als zentrales Publikationsorgan f\u00fcr wissenschaftliche Beitr\u00e4ge zu Heinrich Sch\u00fctz und seinem Umfeld, darunter die Referate und Vortr\u00e4ge der Internationalen Heinrich-Sch\u00fctz-Feste der ISG. Das Sch\u00fctz-Jahrbuch ist zum Preis von 39,95 \u20ac im Buchhandel erh\u00e4ltlich (ISSN 0174-2345). Die Mitglieder der ISG erhalten das Jahrbuch als kostenfrei als Mitgliedsgabe. Mit einer Embargofrist &#8230; <a title=\"Das Sch\u00fctz-Jahrbuch\" class=\"read-more\" href=\"https:\/\/www.schuetzgesellschaft.de\/?page_id=147\" aria-label=\"Mehr Informationen \u00fcber Das Sch\u00fctz-Jahrbuch\">mehr<\/a><\/p>\n","protected":false},"author":1,"featured_media":0,"parent":144,"menu_order":22,"comment_status":"closed","ping_status":"closed","template":"","meta":{"footnotes":""},"class_list":{"0":"post-147","1":"page","2":"type-page","3":"status-publish","5":"no-featured-image-padding"},"_links":{"self":[{"href":"https:\/\/www.schuetzgesellschaft.de\/index.php?rest_route=\/wp\/v2\/pages\/147","targetHints":{"allow":["GET"]}}],"collection":[{"href":"https:\/\/www.schuetzgesellschaft.de\/index.php?rest_route=\/wp\/v2\/pages"}],"about":[{"href":"https:\/\/www.schuetzgesellschaft.de\/index.php?rest_route=\/wp\/v2\/types\/page"}],"author":[{"embeddable":true,"href":"https:\/\/www.schuetzgesellschaft.de\/index.php?rest_route=\/wp\/v2\/users\/1"}],"replies":[{"embeddable":true,"href":"https:\/\/www.schuetzgesellschaft.de\/index.php?rest_route=%2Fwp%2Fv2%2Fcomments&post=147"}],"version-history":[{"count":4,"href":"https:\/\/www.schuetzgesellschaft.de\/index.php?rest_route=\/wp\/v2\/pages\/147\/revisions"}],"predecessor-version":[{"id":4799,"href":"https:\/\/www.schuetzgesellschaft.de\/index.php?rest_route=\/wp\/v2\/pages\/147\/revisions\/4799"}],"up":[{"embeddable":true,"href":"https:\/\/www.schuetzgesellschaft.de\/index.php?rest_route=\/wp\/v2\/pages\/144"}],"wp:attachment":[{"href":"https:\/\/www.schuetzgesellschaft.de\/index.php?rest_route=%2Fwp%2Fv2%2Fmedia&parent=147"}],"curies":[{"name":"wp","href":"https:\/\/api.w.org\/{rel}","templated":true}]}}