{"id":146,"date":"2019-05-29T16:32:35","date_gmt":"2019-05-29T14:32:35","guid":{"rendered":"https:\/\/www.schuetzgesellschaft.de\/?page_id=146"},"modified":"2019-05-29T16:37:47","modified_gmt":"2019-05-29T14:37:47","slug":"die-acta-sagittariana","status":"publish","type":"page","link":"https:\/\/www.schuetzgesellschaft.de\/?page_id=146","title":{"rendered":"Die Acta Sagittariana"},"content":{"rendered":"\n<div class=\"wp-block-image\"><figure class=\"alignright is-resized\"><img loading=\"lazy\" decoding=\"async\" src=\"https:\/\/www.schuetzgesellschaft.de\/wp-content\/uploads\/Fotos\/AS_2018_300px-210x300.jpg\" alt=\"\" class=\"wp-image-26\" width=\"158\" height=\"225\"\/><figcaption>Die Acta Sagittariana<\/figcaption><\/figure><\/div>\n\n\n\n<p>Das dreisprachige Kommunikationsorgan <em>Acta Sagittariana<\/em> der ISG berichtet \u00fcber die vielf\u00e4ltigen Aktivit\u00e4ten unserer Mitglieder in unseren weltweiten Sektionen. Die Acta Sagittariana erscheint einmal j\u00e4hrlich und wird unseren Mitgliedern kostenfrei als Mitgliedsgabe zur Verf\u00fcgung gestellt.<\/p>\n\n\n\n<p><em>Redaktion:<\/em> Prof. Dr. Gerhard Aum\u00fcller (Marburg)<\/p>\n","protected":false},"excerpt":{"rendered":"<p>Das dreisprachige Kommunikationsorgan Acta Sagittariana der ISG berichtet \u00fcber die vielf\u00e4ltigen Aktivit\u00e4ten unserer Mitglieder in unseren weltweiten Sektionen. Die Acta Sagittariana erscheint einmal j\u00e4hrlich und wird unseren Mitgliedern kostenfrei als Mitgliedsgabe zur Verf\u00fcgung gestellt. Redaktion: Prof. Dr. Gerhard Aum\u00fcller (Marburg)<\/p>\n","protected":false},"author":1,"featured_media":0,"parent":144,"menu_order":20,"comment_status":"closed","ping_status":"closed","template":"","meta":{"footnotes":""},"class_list":{"0":"post-146","1":"page","2":"type-page","3":"status-publish","5":"no-featured-image-padding"},"_links":{"self":[{"href":"https:\/\/www.schuetzgesellschaft.de\/index.php?rest_route=\/wp\/v2\/pages\/146","targetHints":{"allow":["GET"]}}],"collection":[{"href":"https:\/\/www.schuetzgesellschaft.de\/index.php?rest_route=\/wp\/v2\/pages"}],"about":[{"href":"https:\/\/www.schuetzgesellschaft.de\/index.php?rest_route=\/wp\/v2\/types\/page"}],"author":[{"embeddable":true,"href":"https:\/\/www.schuetzgesellschaft.de\/index.php?rest_route=\/wp\/v2\/users\/1"}],"replies":[{"embeddable":true,"href":"https:\/\/www.schuetzgesellschaft.de\/index.php?rest_route=%2Fwp%2Fv2%2Fcomments&post=146"}],"version-history":[{"count":1,"href":"https:\/\/www.schuetzgesellschaft.de\/index.php?rest_route=\/wp\/v2\/pages\/146\/revisions"}],"predecessor-version":[{"id":157,"href":"https:\/\/www.schuetzgesellschaft.de\/index.php?rest_route=\/wp\/v2\/pages\/146\/revisions\/157"}],"up":[{"embeddable":true,"href":"https:\/\/www.schuetzgesellschaft.de\/index.php?rest_route=\/wp\/v2\/pages\/144"}],"wp:attachment":[{"href":"https:\/\/www.schuetzgesellschaft.de\/index.php?rest_route=%2Fwp%2Fv2%2Fmedia&parent=146"}],"curies":[{"name":"wp","href":"https:\/\/api.w.org\/{rel}","templated":true}]}}